{"id":17790,"date":"2025-08-14T22:11:28","date_gmt":"2025-08-14T22:11:28","guid":{"rendered":"https:\/\/naturaltea.at\/?post_type=product&#038;p=17790"},"modified":"2025-09-08T21:23:42","modified_gmt":"2025-09-08T21:23:42","slug":"papatya-kavanoz","status":"publish","type":"product","link":"https:\/\/naturaltea.at\/tr\/product\/papatya-kavanoz\/","title":{"rendered":"Papatya Kavanoz"},"content":{"rendered":"<p>\u00c7i\u00e7eklerimiz kavanozda d\u00f6kme haldedir ve demlemek i\u00e7in m\u00fckemmeldir. Saps\u0131zd\u0131r ve bu nedenle gram olarak belirtilmi\u015ftir.<\/p>\n<p>Faydalar\u0131: Papatya \u00e7ay\u0131, antiinflamatuar etkisiyle v\u00fccuttaki iltihaplar\u0131 gidermesi ve yaralar\u0131 iyile\u015ftirmesiyle bilinir. Antispazmodik olarak i\u015flev g\u00f6rebilen papatya \u00e7ay\u0131 ishale neden olan mide spazmlar\u0131n\u0131 azaltabilir ve gastro\u00f6zofageal refl\u00fc hastal\u0131\u011f\u0131 (GERD) semptomlar\u0131n\u0131 hafifletebilir. Papatya \u00e7ay\u0131 anti-inflamatuar, antispazmodik ve anti-anksiyete \u00f6zellikleri ile adet \u00f6ncesi gerginlik (PMS) sendromu belirtilerini bast\u0131rmada etkili olabilmektedir. \u0130\u00e7erdi\u011fi anksiyolitik bile\u015fi\u011fi sayesinde papatya \u00e7ay\u0131, stres ve kayg\u0131 durumlar\u0131n\u0131 azaltarak depresyona iyi gelerek ki\u015fiyi sakinle\u015ftirir.<\/p>\n","protected":false},"excerpt":{"rendered":"<p>\u00c7i\u00e7eklerimiz kavanozda d\u00f6kme haldedir ve demlemek i\u00e7in m\u00fckemmeldir. Saps\u0131zd\u0131r ve bu nedenle gram olarak belirtilmi\u015ftir. Faydalar\u0131: Papatya \u00e7ay\u0131, antiinflamatuar etkisiyle v\u00fccuttaki iltihaplar\u0131 gidermesi ve yaralar\u0131 iyile\u015ftirmesiyle bilinir. Antispazmodik olarak i\u015flev g\u00f6rebilen papatya \u00e7ay\u0131 ishale neden olan mide spazmlar\u0131n\u0131 azaltabilir ve gastro\u00f6zofageal refl\u00fc hastal\u0131\u011f\u0131 (GERD) semptomlar\u0131n\u0131 hafifletebilir. Papatya \u00e7ay\u0131 anti-inflamatuar, antispazmodik ve anti-anksiyete \u00f6zellikleri ile adet [&hellip;]<\/p>\n","protected":false},"featured_media":17987,"template":"","meta":[],"product_brand":[],"product_cat":[72],"product_tag":[],"class_list":{"0":"post-17790","1":"product","2":"type-product","3":"status-publish","4":"has-post-thumbnail","6":"product_cat-kavanoz","8":"first","9":"instock","10":"shipping-taxable","11":"purchasable","12":"product-type-simple"},"_links":{"self":[{"href":"https:\/\/naturaltea.at\/tr\/wp-json\/wp\/v2\/product\/17790","targetHints":{"allow":["GET"]}}],"collection":[{"href":"https:\/\/naturaltea.at\/tr\/wp-json\/wp\/v2\/product"}],"about":[{"href":"https:\/\/naturaltea.at\/tr\/wp-json\/wp\/v2\/types\/product"}],"wp:featuredmedia":[{"embeddable":true,"href":"https:\/\/naturaltea.at\/tr\/wp-json\/wp\/v2\/media\/17987"}],"wp:attachment":[{"href":"https:\/\/naturaltea.at\/tr\/wp-json\/wp\/v2\/media?parent=17790"}],"wp:term":[{"taxonomy":"product_brand","embeddable":true,"href":"https:\/\/naturaltea.at\/tr\/wp-json\/wp\/v2\/product_brand?post=17790"},{"taxonomy":"product_cat","embeddable":true,"href":"https:\/\/naturaltea.at\/tr\/wp-json\/wp\/v2\/product_cat?post=17790"},{"taxonomy":"product_tag","embeddable":true,"href":"https:\/\/naturaltea.at\/tr\/wp-json\/wp\/v2\/product_tag?post=17790"}],"curies":[{"name":"wp","href":"https:\/\/api.w.org\/{rel}","templated":true}]}}