{"id":17786,"date":"2025-08-14T22:08:04","date_gmt":"2025-08-14T22:08:04","guid":{"rendered":"https:\/\/naturaltea.at\/?post_type=product&#038;p=17786"},"modified":"2025-09-08T21:54:34","modified_gmt":"2025-09-08T21:54:34","slug":"karabas-otu-ada-cayi-kavanoz","status":"publish","type":"product","link":"https:\/\/naturaltea.at\/tr\/product\/karabas-otu-ada-cayi-kavanoz\/","title":{"rendered":"Karaba\u015f Otu Ada \u00c7ay\u0131 Kavanoz"},"content":{"rendered":"<p>\u00c7i\u00e7eklerimiz kavanozda d\u00f6kme haldedir ve demlemek i\u00e7in m\u00fckemmeldir. Saps\u0131zd\u0131r ve bu nedenle gram olarak belirtilmi\u015ftir.<\/p>\n<p>Faydalar\u0131:<br \/>\nBa\u011f\u0131\u015f\u0131kl\u0131k sistemini g\u00fc\u00e7lendirir<br \/>\nKan dola\u015f\u0131m\u0131n\u0131 d\u00fczenlemeye yard\u0131m eder<br \/>\nSakinle\u015ftirici etki g\u00f6sterir, uyku kalitesini artt\u0131r\u0131r<br \/>\nYara iyile\u015fmesini destekler<br \/>\n\u0130drar yolu sorunlar\u0131na iyi gelir<br \/>\nMide ve ba\u011f\u0131rsaklar\u0131 rahatlat\u0131r<br \/>\nBron\u015fit ve ast\u0131m gibi solunum yolu hastal\u0131klar\u0131n\u0131n semptomlar\u0131n\u0131 hafifletir<br \/>\nA\u011fr\u0131 ve iltihap azalt\u0131c\u0131 etkiye sahiptir<\/p>\n","protected":false},"excerpt":{"rendered":"<p>\u00c7i\u00e7eklerimiz kavanozda d\u00f6kme haldedir ve demlemek i\u00e7in m\u00fckemmeldir. Saps\u0131zd\u0131r ve bu nedenle gram olarak belirtilmi\u015ftir. Faydalar\u0131: Ba\u011f\u0131\u015f\u0131kl\u0131k sistemini g\u00fc\u00e7lendirir Kan dola\u015f\u0131m\u0131n\u0131 d\u00fczenlemeye yard\u0131m eder Sakinle\u015ftirici etki g\u00f6sterir, uyku kalitesini artt\u0131r\u0131r Yara iyile\u015fmesini destekler \u0130drar yolu sorunlar\u0131na iyi gelir Mide ve ba\u011f\u0131rsaklar\u0131 rahatlat\u0131r Bron\u015fit ve ast\u0131m gibi solunum yolu hastal\u0131klar\u0131n\u0131n semptomlar\u0131n\u0131 hafifletir A\u011fr\u0131 ve iltihap azalt\u0131c\u0131 [&hellip;]<\/p>\n","protected":false},"featured_media":18013,"template":"","meta":[],"product_brand":[],"product_cat":[72],"product_tag":[],"class_list":{"0":"post-17786","1":"product","2":"type-product","3":"status-publish","4":"has-post-thumbnail","6":"product_cat-kavanoz","8":"first","9":"instock","10":"shipping-taxable","11":"purchasable","12":"product-type-simple"},"_links":{"self":[{"href":"https:\/\/naturaltea.at\/tr\/wp-json\/wp\/v2\/product\/17786","targetHints":{"allow":["GET"]}}],"collection":[{"href":"https:\/\/naturaltea.at\/tr\/wp-json\/wp\/v2\/product"}],"about":[{"href":"https:\/\/naturaltea.at\/tr\/wp-json\/wp\/v2\/types\/product"}],"wp:featuredmedia":[{"embeddable":true,"href":"https:\/\/naturaltea.at\/tr\/wp-json\/wp\/v2\/media\/18013"}],"wp:attachment":[{"href":"https:\/\/naturaltea.at\/tr\/wp-json\/wp\/v2\/media?parent=17786"}],"wp:term":[{"taxonomy":"product_brand","embeddable":true,"href":"https:\/\/naturaltea.at\/tr\/wp-json\/wp\/v2\/product_brand?post=17786"},{"taxonomy":"product_cat","embeddable":true,"href":"https:\/\/naturaltea.at\/tr\/wp-json\/wp\/v2\/product_cat?post=17786"},{"taxonomy":"product_tag","embeddable":true,"href":"https:\/\/naturaltea.at\/tr\/wp-json\/wp\/v2\/product_tag?post=17786"}],"curies":[{"name":"wp","href":"https:\/\/api.w.org\/{rel}","templated":true}]}}