{"id":17784,"date":"2025-08-14T22:05:54","date_gmt":"2025-08-14T22:05:54","guid":{"rendered":"https:\/\/naturaltea.at\/?post_type=product&#038;p=17784"},"modified":"2025-08-14T22:05:54","modified_gmt":"2025-08-14T22:05:54","slug":"60li-hediye-kutusu","status":"publish","type":"product","link":"https:\/\/naturaltea.at\/tr\/product\/60li-hediye-kutusu\/","title":{"rendered":"60&#8217;l\u0131 Hediye Kutusu"},"content":{"rendered":"<p>60 adet tek tek paketlenmi\u015f sapl\u0131 \u00e7i\u00e7ek \u00e7ay\u0131 i\u00e7eren zarif hediye kutumuzun keyfini \u00e7\u0131kar\u0131n. Kendi keyfiniz veya hediye etmek i\u00e7in idealdir<\/p>\n","protected":false},"excerpt":{"rendered":"<p>60 adet tek tek paketlenmi\u015f sapl\u0131 \u00e7i\u00e7ek \u00e7ay\u0131 i\u00e7eren zarif hediye kutumuzun keyfini \u00e7\u0131kar\u0131n. Kendi keyfiniz veya hediye etmek i\u00e7in idealdir<\/p>\n","protected":false},"featured_media":17390,"template":"","meta":[],"product_brand":[],"product_cat":[71],"product_tag":[],"class_list":{"0":"post-17784","1":"product","2":"type-product","3":"status-publish","4":"has-post-thumbnail","6":"product_cat-ozel-urunler","8":"first","9":"instock","10":"shipping-taxable","11":"purchasable","12":"product-type-simple"},"_links":{"self":[{"href":"https:\/\/naturaltea.at\/tr\/wp-json\/wp\/v2\/product\/17784","targetHints":{"allow":["GET"]}}],"collection":[{"href":"https:\/\/naturaltea.at\/tr\/wp-json\/wp\/v2\/product"}],"about":[{"href":"https:\/\/naturaltea.at\/tr\/wp-json\/wp\/v2\/types\/product"}],"wp:featuredmedia":[{"embeddable":true,"href":"https:\/\/naturaltea.at\/tr\/wp-json\/wp\/v2\/media\/17390"}],"wp:attachment":[{"href":"https:\/\/naturaltea.at\/tr\/wp-json\/wp\/v2\/media?parent=17784"}],"wp:term":[{"taxonomy":"product_brand","embeddable":true,"href":"https:\/\/naturaltea.at\/tr\/wp-json\/wp\/v2\/product_brand?post=17784"},{"taxonomy":"product_cat","embeddable":true,"href":"https:\/\/naturaltea.at\/tr\/wp-json\/wp\/v2\/product_cat?post=17784"},{"taxonomy":"product_tag","embeddable":true,"href":"https:\/\/naturaltea.at\/tr\/wp-json\/wp\/v2\/product_tag?post=17784"}],"curies":[{"name":"wp","href":"https:\/\/api.w.org\/{rel}","templated":true}]}}