{"id":17783,"date":"2025-08-14T22:05:11","date_gmt":"2025-08-14T22:05:11","guid":{"rendered":"https:\/\/naturaltea.at\/?post_type=product&#038;p=17783"},"modified":"2025-08-14T22:05:12","modified_gmt":"2025-08-14T22:05:12","slug":"36li-ahsap-hediye-kutusu","status":"publish","type":"product","link":"https:\/\/naturaltea.at\/tr\/product\/36li-ahsap-hediye-kutusu\/","title":{"rendered":"36&#8217;l\u0131 Ah\u015fap Hediye Kutusu"},"content":{"rendered":"<p>Tek tek paketlenmi\u015f alt\u0131 \u00e7e\u015fit sapl\u0131 \u00e7i\u00e7ek \u00e7ay\u0131 i\u00e7eren zarif ah\u015fap g\u00f6r\u00fcn\u00fcml\u00fc kutumuzun keyfini \u00e7\u0131kar\u0131n. Hediye etmek veya kendinizi \u015f\u0131martmak i\u00e7in m\u00fckemmeldir.<\/p>\n","protected":false},"excerpt":{"rendered":"<p>Tek tek paketlenmi\u015f alt\u0131 \u00e7e\u015fit sapl\u0131 \u00e7i\u00e7ek \u00e7ay\u0131 i\u00e7eren zarif ah\u015fap g\u00f6r\u00fcn\u00fcml\u00fc kutumuzun keyfini \u00e7\u0131kar\u0131n. Hediye etmek veya kendinizi \u015f\u0131martmak i\u00e7in m\u00fckemmeldir.<\/p>\n","protected":false},"featured_media":17390,"template":"","meta":[],"product_brand":[],"product_cat":[71],"product_tag":[],"class_list":{"0":"post-17783","1":"product","2":"type-product","3":"status-publish","4":"has-post-thumbnail","6":"product_cat-ozel-urunler","8":"first","9":"instock","10":"shipping-taxable","11":"purchasable","12":"product-type-simple"},"_links":{"self":[{"href":"https:\/\/naturaltea.at\/tr\/wp-json\/wp\/v2\/product\/17783","targetHints":{"allow":["GET"]}}],"collection":[{"href":"https:\/\/naturaltea.at\/tr\/wp-json\/wp\/v2\/product"}],"about":[{"href":"https:\/\/naturaltea.at\/tr\/wp-json\/wp\/v2\/types\/product"}],"wp:featuredmedia":[{"embeddable":true,"href":"https:\/\/naturaltea.at\/tr\/wp-json\/wp\/v2\/media\/17390"}],"wp:attachment":[{"href":"https:\/\/naturaltea.at\/tr\/wp-json\/wp\/v2\/media?parent=17783"}],"wp:term":[{"taxonomy":"product_brand","embeddable":true,"href":"https:\/\/naturaltea.at\/tr\/wp-json\/wp\/v2\/product_brand?post=17783"},{"taxonomy":"product_cat","embeddable":true,"href":"https:\/\/naturaltea.at\/tr\/wp-json\/wp\/v2\/product_cat?post=17783"},{"taxonomy":"product_tag","embeddable":true,"href":"https:\/\/naturaltea.at\/tr\/wp-json\/wp\/v2\/product_tag?post=17783"}],"curies":[{"name":"wp","href":"https:\/\/api.w.org\/{rel}","templated":true}]}}