{"id":17782,"date":"2025-08-14T22:04:21","date_gmt":"2025-08-14T22:04:21","guid":{"rendered":"https:\/\/naturaltea.at\/?post_type=product&#038;p=17782"},"modified":"2025-08-14T22:04:21","modified_gmt":"2025-08-14T22:04:21","slug":"dogal-cicek-cayi-test-paketi","status":"publish","type":"product","link":"https:\/\/naturaltea.at\/tr\/product\/dogal-cicek-cayi-test-paketi\/","title":{"rendered":"Do\u011fal \u00c7i\u00e7ek \u00c7ay\u0131 Test Paketi"},"content":{"rendered":"<p>Alt\u0131 \u00e7e\u015fidin tamam\u0131n\u0131 i\u00e7eren, \u015f\u0131k bir \u015fekilde paketlenmi\u015f sapl\u0131 \u00e7i\u00e7ek \u00e7aylar\u0131m\u0131z\u0131 ke\u015ffedin. Keyif almak veya hediye etmek i\u00e7in idealdir.<\/p>\n","protected":false},"excerpt":{"rendered":"<p>Alt\u0131 \u00e7e\u015fidin tamam\u0131n\u0131 i\u00e7eren, \u015f\u0131k bir \u015fekilde paketlenmi\u015f sapl\u0131 \u00e7i\u00e7ek \u00e7aylar\u0131m\u0131z\u0131 ke\u015ffedin. Keyif almak veya hediye etmek i\u00e7in idealdir.<\/p>\n","protected":false},"featured_media":17390,"template":"","meta":[],"product_brand":[],"product_cat":[71],"product_tag":[],"class_list":{"0":"post-17782","1":"product","2":"type-product","3":"status-publish","4":"has-post-thumbnail","6":"product_cat-ozel-urunler","8":"first","9":"instock","10":"shipping-taxable","11":"purchasable","12":"product-type-simple"},"_links":{"self":[{"href":"https:\/\/naturaltea.at\/tr\/wp-json\/wp\/v2\/product\/17782","targetHints":{"allow":["GET"]}}],"collection":[{"href":"https:\/\/naturaltea.at\/tr\/wp-json\/wp\/v2\/product"}],"about":[{"href":"https:\/\/naturaltea.at\/tr\/wp-json\/wp\/v2\/types\/product"}],"wp:featuredmedia":[{"embeddable":true,"href":"https:\/\/naturaltea.at\/tr\/wp-json\/wp\/v2\/media\/17390"}],"wp:attachment":[{"href":"https:\/\/naturaltea.at\/tr\/wp-json\/wp\/v2\/media?parent=17782"}],"wp:term":[{"taxonomy":"product_brand","embeddable":true,"href":"https:\/\/naturaltea.at\/tr\/wp-json\/wp\/v2\/product_brand?post=17782"},{"taxonomy":"product_cat","embeddable":true,"href":"https:\/\/naturaltea.at\/tr\/wp-json\/wp\/v2\/product_cat?post=17782"},{"taxonomy":"product_tag","embeddable":true,"href":"https:\/\/naturaltea.at\/tr\/wp-json\/wp\/v2\/product_tag?post=17782"}],"curies":[{"name":"wp","href":"https:\/\/api.w.org\/{rel}","templated":true}]}}