{"id":17778,"date":"2025-08-14T21:59:05","date_gmt":"2025-08-14T21:59:05","guid":{"rendered":"https:\/\/naturaltea.at\/?post_type=product&#038;p=17778"},"modified":"2025-09-08T21:48:16","modified_gmt":"2025-09-08T21:48:16","slug":"deli-kekik-paket","status":"publish","type":"product","link":"https:\/\/naturaltea.at\/tr\/product\/deli-kekik-paket\/","title":{"rendered":"Deli Kekik Paket"},"content":{"rendered":"<p>\u00c7i\u00e7ekler tek tek paketlenmi\u015f ve 10&#8217;lu \u015f\u0131k bir kutuda sunulmu\u015ftur. Kolayca a\u00e7\u0131l\u0131r ve \u015f\u0131k kal\u0131r; \u00e7i\u00e7ekleri kolayca \u00e7\u0131kar\u0131p keyfini \u00e7\u0131karmak i\u00e7in idealdir.<\/p>\n<p>Faydalar\u0131:<br \/>\nKekik \u00e7ay\u0131 iltihab\u0131 gidermeye yard\u0131m eder<br \/>\nBa\u011f\u0131\u015f\u0131kl\u0131\u011f\u0131 g\u00fc\u00e7lendirir<br \/>\nSindirim ve mide problemlerine iyi gelir<br \/>\nMantar ve viral enfeksiyonlarla m\u00fccadele eder<br \/>\nA\u011fr\u0131 kesici etkiye sahiptir, adet a\u011fr\u0131lar\u0131 ve romatizma a\u011fr\u0131lar\u0131n\u0131 hafifletir<br \/>\nKolesterol ve kan bas\u0131nc\u0131n\u0131 d\u00fc\u015f\u00fcr\u00fcr<br \/>\nGrip ve bademcik iltihab\u0131 semptomlar\u0131n\u0131 azalt\u0131r<br \/>\nBalgam s\u00f6kt\u00fcr\u00fcc\u00fcd\u00fcr bo\u011faz a\u011fr\u0131s\u0131n\u0131 hafifletir<br \/>\n\u00d6ks\u00fcr\u00fc\u011fe iyi gelir<br \/>\nUyumay\u0131 kolayla\u015ft\u0131r\u0131r<\/p>\n","protected":false},"excerpt":{"rendered":"<p>\u00c7i\u00e7ekler tek tek paketlenmi\u015f ve 10&#8217;lu \u015f\u0131k bir kutuda sunulmu\u015ftur. Kolayca a\u00e7\u0131l\u0131r ve \u015f\u0131k kal\u0131r; \u00e7i\u00e7ekleri kolayca \u00e7\u0131kar\u0131p keyfini \u00e7\u0131karmak i\u00e7in idealdir. Faydalar\u0131: Kekik \u00e7ay\u0131 iltihab\u0131 gidermeye yard\u0131m eder Ba\u011f\u0131\u015f\u0131kl\u0131\u011f\u0131 g\u00fc\u00e7lendirir Sindirim ve mide problemlerine iyi gelir Mantar ve viral enfeksiyonlarla m\u00fccadele eder A\u011fr\u0131 kesici etkiye sahiptir, adet a\u011fr\u0131lar\u0131 ve romatizma a\u011fr\u0131lar\u0131n\u0131 hafifletir Kolesterol ve [&hellip;]<\/p>\n","protected":false},"featured_media":18008,"template":"","meta":[],"product_brand":[],"product_cat":[70],"product_tag":[],"class_list":{"0":"post-17778","1":"product","2":"type-product","3":"status-publish","4":"has-post-thumbnail","6":"product_cat-10lu-paket","8":"first","9":"instock","10":"shipping-taxable","11":"purchasable","12":"product-type-simple"},"_links":{"self":[{"href":"https:\/\/naturaltea.at\/tr\/wp-json\/wp\/v2\/product\/17778","targetHints":{"allow":["GET"]}}],"collection":[{"href":"https:\/\/naturaltea.at\/tr\/wp-json\/wp\/v2\/product"}],"about":[{"href":"https:\/\/naturaltea.at\/tr\/wp-json\/wp\/v2\/types\/product"}],"wp:featuredmedia":[{"embeddable":true,"href":"https:\/\/naturaltea.at\/tr\/wp-json\/wp\/v2\/media\/18008"}],"wp:attachment":[{"href":"https:\/\/naturaltea.at\/tr\/wp-json\/wp\/v2\/media?parent=17778"}],"wp:term":[{"taxonomy":"product_brand","embeddable":true,"href":"https:\/\/naturaltea.at\/tr\/wp-json\/wp\/v2\/product_brand?post=17778"},{"taxonomy":"product_cat","embeddable":true,"href":"https:\/\/naturaltea.at\/tr\/wp-json\/wp\/v2\/product_cat?post=17778"},{"taxonomy":"product_tag","embeddable":true,"href":"https:\/\/naturaltea.at\/tr\/wp-json\/wp\/v2\/product_tag?post=17778"}],"curies":[{"name":"wp","href":"https:\/\/api.w.org\/{rel}","templated":true}]}}