{"id":17772,"date":"2025-08-14T21:50:47","date_gmt":"2025-08-14T21:50:47","guid":{"rendered":"https:\/\/naturaltea.at\/?post_type=product&#038;p=17772"},"modified":"2025-09-08T21:09:12","modified_gmt":"2025-09-08T21:09:12","slug":"ihlamur","status":"publish","type":"product","link":"https:\/\/naturaltea.at\/tr\/product\/ihlamur\/","title":{"rendered":"Ihlamur"},"content":{"rendered":"<p>\u00c7ay\u0131m\u0131z, kolayca ayr\u0131labilen ve hemen keyfini \u00e7\u0131karabilece\u011finiz delikli birimler halinde paketlenmi\u015ftir.<\/p>\n<p>Faydalar\u0131: Ihlamur \u00f6ks\u00fcr\u00fck, bo\u011faz a\u011fr\u0131s\u0131, burun t\u0131kan\u0131kl\u0131\u011f\u0131 ve ate\u015f gibi so\u011fuk alg\u0131nl\u0131\u011f\u0131 veya grip semptomlar\u0131n\u0131n azalt\u0131lmas\u0131na yard\u0131mc\u0131 olur. Ihlamurun stresi ve endi\u015feyi azaltabildi\u011fini ve y\u00fczy\u0131llard\u0131r sakinle\u015ftirici olarak d\u00fcnyan\u0131n bir\u00e7ok noktas\u0131nda kullan\u0131ld\u0131\u011f\u0131n\u0131 g\u00f6sterir. Ihlamur \u00e7ay\u0131 ruh hali de\u011fi\u015fimlerini d\u00fczenlemeye yard\u0131mc\u0131 olur ve baz\u0131 durumlarda hormonal sa\u011fl\u0131k \u00fczerinde olumlu bir etkisi olabilir. E\u011fer haz\u0131ms\u0131zl\u0131k kronik bir sorunsa, mide bulant\u0131s\u0131, \u015fi\u015fkinlik, kab\u0131zl\u0131k \u015fikayetlerinde bir fincan \u0131hlamur \u00e7ay\u0131 tahri\u015f olmu\u015f bir sindirim sistemini rahatlatmak i\u00e7in yard\u0131mc\u0131 olabilir<\/p>\n","protected":false},"excerpt":{"rendered":"<p>\u00c7ay\u0131m\u0131z, kolayca ayr\u0131labilen ve hemen keyfini \u00e7\u0131karabilece\u011finiz delikli birimler halinde paketlenmi\u015ftir. Faydalar\u0131: Ihlamur \u00f6ks\u00fcr\u00fck, bo\u011faz a\u011fr\u0131s\u0131, burun t\u0131kan\u0131kl\u0131\u011f\u0131 ve ate\u015f gibi so\u011fuk alg\u0131nl\u0131\u011f\u0131 veya grip semptomlar\u0131n\u0131n azalt\u0131lmas\u0131na yard\u0131mc\u0131 olur. Ihlamurun stresi ve endi\u015feyi azaltabildi\u011fini ve y\u00fczy\u0131llard\u0131r sakinle\u015ftirici olarak d\u00fcnyan\u0131n bir\u00e7ok noktas\u0131nda kullan\u0131ld\u0131\u011f\u0131n\u0131 g\u00f6sterir. Ihlamur \u00e7ay\u0131 ruh hali de\u011fi\u015fimlerini d\u00fczenlemeye yard\u0131mc\u0131 olur ve baz\u0131 durumlarda hormonal [&hellip;]<\/p>\n","protected":false},"featured_media":17969,"template":"","meta":[],"product_brand":[],"product_cat":[69],"product_tag":[],"class_list":{"0":"post-17772","1":"product","2":"type-product","3":"status-publish","4":"has-post-thumbnail","6":"product_cat-12li-paket","8":"first","9":"instock","10":"shipping-taxable","11":"purchasable","12":"product-type-simple"},"_links":{"self":[{"href":"https:\/\/naturaltea.at\/tr\/wp-json\/wp\/v2\/product\/17772","targetHints":{"allow":["GET"]}}],"collection":[{"href":"https:\/\/naturaltea.at\/tr\/wp-json\/wp\/v2\/product"}],"about":[{"href":"https:\/\/naturaltea.at\/tr\/wp-json\/wp\/v2\/types\/product"}],"wp:featuredmedia":[{"embeddable":true,"href":"https:\/\/naturaltea.at\/tr\/wp-json\/wp\/v2\/media\/17969"}],"wp:attachment":[{"href":"https:\/\/naturaltea.at\/tr\/wp-json\/wp\/v2\/media?parent=17772"}],"wp:term":[{"taxonomy":"product_brand","embeddable":true,"href":"https:\/\/naturaltea.at\/tr\/wp-json\/wp\/v2\/product_brand?post=17772"},{"taxonomy":"product_cat","embeddable":true,"href":"https:\/\/naturaltea.at\/tr\/wp-json\/wp\/v2\/product_cat?post=17772"},{"taxonomy":"product_tag","embeddable":true,"href":"https:\/\/naturaltea.at\/tr\/wp-json\/wp\/v2\/product_tag?post=17772"}],"curies":[{"name":"wp","href":"https:\/\/api.w.org\/{rel}","templated":true}]}}