{"id":17717,"date":"2025-08-14T21:23:10","date_gmt":"2025-08-14T21:23:10","guid":{"rendered":"https:\/\/naturaltea.at\/?post_type=product&#038;p=17717"},"modified":"2025-09-08T21:41:37","modified_gmt":"2025-09-08T21:41:37","slug":"yayla-ada-cayi","status":"publish","type":"product","link":"https:\/\/naturaltea.at\/tr\/product\/yayla-ada-cayi\/","title":{"rendered":"Yayla Ada \u00c7ay\u0131"},"content":{"rendered":"<p>\u00c7ay\u0131m\u0131z, kolayca ayr\u0131labilen ve hemen keyfini \u00e7\u0131karabilece\u011finiz delikli birimler halinde paketlenmi\u015ftir.<\/p>\n<p>Faydalar\u0131: V\u00fccutta bulunan zarl\u0131 toksinlerin at\u0131lmas\u0131n\u0131 sa\u011flayan ada \u00e7ay\u0131, v\u00fccudun a\u015f\u0131r\u0131 terlemesini azalt\u0131c\u0131 bir etkiye sahiptir. Ada\u00e7ay\u0131 beyin sa\u011fl\u0131\u011f\u0131n\u0131 g\u00fc\u00e7lendirir ve depresyon belirtilerini hafifletir. Alzheimer\u2019e kar\u015f\u0131 etkilidir ve haf\u0131zan\u0131n g\u00fc\u00e7lenmesini sa\u011flar. Di\u015f eti iltihaplanmalar\u0131na birebirdir, ayr\u0131ca a\u011f\u0131z yaralar\u0131n\u0131 onar\u0131r.<\/p>\n","protected":false},"excerpt":{"rendered":"<p>\u00c7ay\u0131m\u0131z, kolayca ayr\u0131labilen ve hemen keyfini \u00e7\u0131karabilece\u011finiz delikli birimler halinde paketlenmi\u015ftir. Faydalar\u0131: V\u00fccutta bulunan zarl\u0131 toksinlerin at\u0131lmas\u0131n\u0131 sa\u011flayan ada \u00e7ay\u0131, v\u00fccudun a\u015f\u0131r\u0131 terlemesini azalt\u0131c\u0131 bir etkiye sahiptir. Ada\u00e7ay\u0131 beyin sa\u011fl\u0131\u011f\u0131n\u0131 g\u00fc\u00e7lendirir ve depresyon belirtilerini hafifletir. Alzheimer\u2019e kar\u015f\u0131 etkilidir ve haf\u0131zan\u0131n g\u00fc\u00e7lenmesini sa\u011flar. Di\u015f eti iltihaplanmalar\u0131na birebirdir, ayr\u0131ca a\u011f\u0131z yaralar\u0131n\u0131 onar\u0131r.<\/p>\n","protected":false},"featured_media":18005,"template":"","meta":[],"product_brand":[],"product_cat":[67],"product_tag":[],"class_list":{"0":"post-17717","1":"product","2":"type-product","3":"status-publish","4":"has-post-thumbnail","6":"product_cat-20li-paketler","8":"first","9":"instock","10":"shipping-taxable","11":"purchasable","12":"product-type-simple"},"_links":{"self":[{"href":"https:\/\/naturaltea.at\/tr\/wp-json\/wp\/v2\/product\/17717","targetHints":{"allow":["GET"]}}],"collection":[{"href":"https:\/\/naturaltea.at\/tr\/wp-json\/wp\/v2\/product"}],"about":[{"href":"https:\/\/naturaltea.at\/tr\/wp-json\/wp\/v2\/types\/product"}],"wp:featuredmedia":[{"embeddable":true,"href":"https:\/\/naturaltea.at\/tr\/wp-json\/wp\/v2\/media\/18005"}],"wp:attachment":[{"href":"https:\/\/naturaltea.at\/tr\/wp-json\/wp\/v2\/media?parent=17717"}],"wp:term":[{"taxonomy":"product_brand","embeddable":true,"href":"https:\/\/naturaltea.at\/tr\/wp-json\/wp\/v2\/product_brand?post=17717"},{"taxonomy":"product_cat","embeddable":true,"href":"https:\/\/naturaltea.at\/tr\/wp-json\/wp\/v2\/product_cat?post=17717"},{"taxonomy":"product_tag","embeddable":true,"href":"https:\/\/naturaltea.at\/tr\/wp-json\/wp\/v2\/product_tag?post=17717"}],"curies":[{"name":"wp","href":"https:\/\/api.w.org\/{rel}","templated":true}]}}