{"id":5245,"date":"2024-05-28T02:56:08","date_gmt":"2024-05-28T02:56:08","guid":{"rendered":"https:\/\/demo.bravisthemes.com\/kimono\/?page_id=5245"},"modified":"2025-09-08T20:45:09","modified_gmt":"2025-09-08T20:45:09","slug":"home-seven","status":"publish","type":"page","link":"https:\/\/naturaltea.at\/tr\/","title":{"rendered":"Anasayfa"},"content":{"rendered":"\t\t<div data-elementor-type=\"wp-page\" data-elementor-id=\"5245\" class=\"elementor elementor-5245\">\n\t\t\t\t        <section class=\"elementor-section elementor-top-section elementor-element elementor-element-0d033b4 elementor-section-stretched elementor-section-full_width elementor-section-height-default elementor-section-height-default pxl-row-scroll-none pxl-full-content-with-space-none pxl-column-overflow-gradient-top-no pxl-column-overflow-gradient-bottom-no pxl-section-bg-none\" data-id=\"0d033b4\" data-element_type=\"section\" data-e-type=\"section\" data-settings=\"{&quot;stretch_section&quot;:&quot;section-stretched&quot;}\">\n\n                \n                <div class=\"elementor-container elementor-column-gap-no \">\n                <div class=\"elementor-column elementor-col-100 elementor-top-column elementor-element elementor-element-2bdff3c pxl-section-offset-none pxl-column-none\" data-id=\"2bdff3c\" data-element_type=\"column\" data-e-type=\"column\">\r\n        <div class=\"elementor-widget-wrap elementor-element-populated\">\r\n                     \r\n        \t\t<div class=\"elementor-element elementor-element-bf77373 elementor-widget elementor-widget-pxl_slider_carousel\" data-id=\"bf77373\" data-element_type=\"widget\" data-e-type=\"widget\" data-widget_type=\"pxl_slider_carousel.default\">\n\t\t\t\t<div class=\"elementor-widget-container\">\n\t\t\t\t\t    <div id=\"showcase-slider-holder\">\n        <div id=\"showcase-slider\" class=\"pxl-slider-carousel pxl-slider-carousel5 pxl-parent-cursor pxl-parent-transition pxl-swiper-arrow-show\" data-view-auto=\"1\">\n            <div class=\"pxl-carousel-inner\">\n                <div class=\"pxl-swiper-container\" dir=\"ltr\" data-settings=\"{&quot;slide_direction&quot;:&quot;vertical&quot;,&quot;slide_percolumn&quot;:1,&quot;slide_mode&quot;:&quot;slide&quot;,&quot;slides_to_show&quot;:1,&quot;slides_to_show_xxl&quot;:1,&quot;slides_to_show_lg&quot;:1,&quot;slides_to_show_md&quot;:1,&quot;slides_to_show_sm&quot;:1,&quot;slides_to_show_xs&quot;:1,&quot;slides_to_scroll&quot;:1,&quot;arrow&quot;:false,&quot;pagination&quot;:true,&quot;pagination_type&quot;:&quot;bullets&quot;,&quot;autoplay&quot;:true,&quot;pause_on_hover&quot;:false,&quot;center&quot;:false,&quot;pause_on_interaction&quot;:true,&quot;delay&quot;:10,&quot;loop&quot;:true,&quot;speed&quot;:1600}\">\n                    <div class=\"pxl-swiper-wrapper\">\n                                                    <div class=\"pxl-swiper-slide\">\n                                <div class=\"outer\">\n                                    <div class=\"inner\">\n                                        <div class=\"slide-title-wrapper\">\n                                                                                            <div class=\"slide-title el-empty pxl-transtion\" data-firstline=\"View\" data-secondline=\"Project\">\n                                                    <span>\n                                                        <span>Natural Tea<\/span>\n                                                    <\/span>\n                                                <\/div>\n                                                                                    <\/div>\n                                    <\/div>\n                                <\/div>\n                                <div class=\"img-mask\">\n                                                                            <div class=\"section-image\">\n                                            <img fetchpriority=\"high\" decoding=\"async\" width=\"1920\" height=\"1010\" src=\"https:\/\/naturaltea.at\/tr\/wp-content\/uploads\/sites\/6\/2025\/09\/1.png\" class=\"item-image grid__item-img attachment-full\" alt=\"\" srcset=\"https:\/\/naturaltea.at\/tr\/wp-content\/uploads\/sites\/6\/2025\/09\/1.png 1920w, https:\/\/naturaltea.at\/tr\/wp-content\/uploads\/sites\/6\/2025\/09\/1-300x158.png 300w, https:\/\/naturaltea.at\/tr\/wp-content\/uploads\/sites\/6\/2025\/09\/1-1024x539.png 1024w, https:\/\/naturaltea.at\/tr\/wp-content\/uploads\/sites\/6\/2025\/09\/1-768x404.png 768w, https:\/\/naturaltea.at\/tr\/wp-content\/uploads\/sites\/6\/2025\/09\/1-1536x808.png 1536w, https:\/\/naturaltea.at\/tr\/wp-content\/uploads\/sites\/6\/2025\/09\/1-1170x615.png 1170w\" sizes=\"(max-width: 1920px) 100vw, 1920px\" \/>    \n                                        <\/div>\n                                                                    <\/div>\n                            <\/div>\n                                                    <div class=\"pxl-swiper-slide\">\n                                <div class=\"outer\">\n                                    <div class=\"inner\">\n                                        <div class=\"slide-title-wrapper\">\n                                                                                            <div class=\"slide-title el-empty pxl-transtion\" data-firstline=\"View\" data-secondline=\"Project\">\n                                                    <span>\n                                                        <span>Ihlamur<\/span>\n                                                    <\/span>\n                                                <\/div>\n                                                                                    <\/div>\n                                    <\/div>\n                                <\/div>\n                                <div class=\"img-mask\">\n                                                                            <div class=\"section-image\">\n                                            <img decoding=\"async\" width=\"1920\" height=\"1010\" src=\"https:\/\/naturaltea.at\/tr\/wp-content\/uploads\/sites\/6\/2025\/09\/2.png\" class=\"item-image grid__item-img attachment-full\" alt=\"\" srcset=\"https:\/\/naturaltea.at\/tr\/wp-content\/uploads\/sites\/6\/2025\/09\/2.png 1920w, https:\/\/naturaltea.at\/tr\/wp-content\/uploads\/sites\/6\/2025\/09\/2-300x158.png 300w, https:\/\/naturaltea.at\/tr\/wp-content\/uploads\/sites\/6\/2025\/09\/2-1024x539.png 1024w, https:\/\/naturaltea.at\/tr\/wp-content\/uploads\/sites\/6\/2025\/09\/2-768x404.png 768w, https:\/\/naturaltea.at\/tr\/wp-content\/uploads\/sites\/6\/2025\/09\/2-1536x808.png 1536w\" sizes=\"(max-width: 1920px) 100vw, 1920px\" \/>    \n                                        <\/div>\n                                                                    <\/div>\n                            <\/div>\n                                                    <div class=\"pxl-swiper-slide\">\n                                <div class=\"outer\">\n                                    <div class=\"inner\">\n                                        <div class=\"slide-title-wrapper\">\n                                                                                            <div class=\"slide-title el-empty pxl-transtion\" data-firstline=\"View\" data-secondline=\"Project\">\n                                                    <span>\n                                                        <span>Papatya<\/span>\n                                                    <\/span>\n                                                <\/div>\n                                                                                    <\/div>\n                                    <\/div>\n                                <\/div>\n                                <div class=\"img-mask\">\n                                                                            <div class=\"section-image\">\n                                            <img decoding=\"async\" width=\"1920\" height=\"1010\" src=\"https:\/\/naturaltea.at\/tr\/wp-content\/uploads\/sites\/6\/2025\/09\/3.png\" class=\"item-image grid__item-img attachment-full\" alt=\"\" srcset=\"https:\/\/naturaltea.at\/tr\/wp-content\/uploads\/sites\/6\/2025\/09\/3.png 1920w, https:\/\/naturaltea.at\/tr\/wp-content\/uploads\/sites\/6\/2025\/09\/3-300x158.png 300w, https:\/\/naturaltea.at\/tr\/wp-content\/uploads\/sites\/6\/2025\/09\/3-1024x539.png 1024w, https:\/\/naturaltea.at\/tr\/wp-content\/uploads\/sites\/6\/2025\/09\/3-768x404.png 768w, https:\/\/naturaltea.at\/tr\/wp-content\/uploads\/sites\/6\/2025\/09\/3-1536x808.png 1536w\" sizes=\"(max-width: 1920px) 100vw, 1920px\" \/>    \n                                        <\/div>\n                                                                    <\/div>\n                            <\/div>\n                                                    <div class=\"pxl-swiper-slide\">\n                                <div class=\"outer\">\n                                    <div class=\"inner\">\n                                        <div class=\"slide-title-wrapper\">\n                                                                                            <div class=\"slide-title el-empty pxl-transtion\" data-firstline=\"View\" data-secondline=\"Project\">\n                                                    <span>\n                                                        <span>Mavi \u00c7ay<\/span>\n                                                    <\/span>\n                                                <\/div>\n                                                                                    <\/div>\n                                    <\/div>\n                                <\/div>\n                                <div class=\"img-mask\">\n                                                                            <div class=\"section-image\">\n                                            <img loading=\"lazy\" decoding=\"async\" width=\"1920\" height=\"1010\" src=\"https:\/\/naturaltea.at\/tr\/wp-content\/uploads\/sites\/6\/2025\/09\/4.png\" class=\"item-image grid__item-img attachment-full\" alt=\"\" srcset=\"https:\/\/naturaltea.at\/tr\/wp-content\/uploads\/sites\/6\/2025\/09\/4.png 1920w, https:\/\/naturaltea.at\/tr\/wp-content\/uploads\/sites\/6\/2025\/09\/4-300x158.png 300w, https:\/\/naturaltea.at\/tr\/wp-content\/uploads\/sites\/6\/2025\/09\/4-1024x539.png 1024w, https:\/\/naturaltea.at\/tr\/wp-content\/uploads\/sites\/6\/2025\/09\/4-768x404.png 768w, https:\/\/naturaltea.at\/tr\/wp-content\/uploads\/sites\/6\/2025\/09\/4-1536x808.png 1536w\" sizes=\"(max-width: 1920px) 100vw, 1920px\" \/>    \n                                        <\/div>\n                                                                    <\/div>\n                            <\/div>\n                                                    <div class=\"pxl-swiper-slide\">\n                                <div class=\"outer\">\n                                    <div class=\"inner\">\n                                        <div class=\"slide-title-wrapper\">\n                                                                                            <div class=\"slide-title el-empty pxl-transtion\" data-firstline=\"View\" data-secondline=\"Project\">\n                                                    <span>\n                                                        <span>Yayla Ada \u00c7ay\u0131<\/span>\n                                                    <\/span>\n                                                <\/div>\n                                                                                    <\/div>\n                                    <\/div>\n                                <\/div>\n                                <div class=\"img-mask\">\n                                                                            <div class=\"section-image\">\n                                            <img loading=\"lazy\" decoding=\"async\" width=\"1920\" height=\"1010\" src=\"https:\/\/naturaltea.at\/tr\/wp-content\/uploads\/sites\/6\/2025\/09\/5.png\" class=\"item-image grid__item-img attachment-full\" alt=\"\" srcset=\"https:\/\/naturaltea.at\/tr\/wp-content\/uploads\/sites\/6\/2025\/09\/5.png 1920w, https:\/\/naturaltea.at\/tr\/wp-content\/uploads\/sites\/6\/2025\/09\/5-300x158.png 300w, https:\/\/naturaltea.at\/tr\/wp-content\/uploads\/sites\/6\/2025\/09\/5-1024x539.png 1024w, https:\/\/naturaltea.at\/tr\/wp-content\/uploads\/sites\/6\/2025\/09\/5-768x404.png 768w, https:\/\/naturaltea.at\/tr\/wp-content\/uploads\/sites\/6\/2025\/09\/5-1536x808.png 1536w\" sizes=\"(max-width: 1920px) 100vw, 1920px\" \/>    \n                                        <\/div>\n                                                                    <\/div>\n                            <\/div>\n                                                    <div class=\"pxl-swiper-slide\">\n                                <div class=\"outer\">\n                                    <div class=\"inner\">\n                                        <div class=\"slide-title-wrapper\">\n                                                                                            <div class=\"slide-title el-empty pxl-transtion\" data-firstline=\"View\" data-secondline=\"Project\">\n                                                    <span>\n                                                        <span>Deli Kekik<\/span>\n                                                    <\/span>\n                                                <\/div>\n                                                                                    <\/div>\n                                    <\/div>\n                                <\/div>\n                                <div class=\"img-mask\">\n                                                                            <div class=\"section-image\">\n                                            <img loading=\"lazy\" decoding=\"async\" width=\"1920\" height=\"1010\" src=\"https:\/\/naturaltea.at\/tr\/wp-content\/uploads\/sites\/6\/2025\/09\/6.png\" class=\"item-image grid__item-img attachment-full\" alt=\"\" srcset=\"https:\/\/naturaltea.at\/tr\/wp-content\/uploads\/sites\/6\/2025\/09\/6.png 1920w, https:\/\/naturaltea.at\/tr\/wp-content\/uploads\/sites\/6\/2025\/09\/6-300x158.png 300w, https:\/\/naturaltea.at\/tr\/wp-content\/uploads\/sites\/6\/2025\/09\/6-1024x539.png 1024w, https:\/\/naturaltea.at\/tr\/wp-content\/uploads\/sites\/6\/2025\/09\/6-768x404.png 768w, https:\/\/naturaltea.at\/tr\/wp-content\/uploads\/sites\/6\/2025\/09\/6-1536x808.png 1536w\" sizes=\"(max-width: 1920px) 100vw, 1920px\" \/>    \n                                        <\/div>\n                                                                    <\/div>\n                            <\/div>\n                                                    <div class=\"pxl-swiper-slide\">\n                                <div class=\"outer\">\n                                    <div class=\"inner\">\n                                        <div class=\"slide-title-wrapper\">\n                                                                                            <div class=\"slide-title el-empty pxl-transtion\" data-firstline=\"View\" data-secondline=\"Project\">\n                                                    <span>\n                                                        <span>Karaba\u015f Otu Ada \u00c7ay\u0131<\/span>\n                                                    <\/span>\n                                                <\/div>\n                                                                                    <\/div>\n                                    <\/div>\n                                <\/div>\n                                <div class=\"img-mask\">\n                                                                            <div class=\"section-image\">\n                                            <img loading=\"lazy\" decoding=\"async\" width=\"1920\" height=\"1010\" src=\"https:\/\/naturaltea.at\/tr\/wp-content\/uploads\/sites\/6\/2025\/09\/7.png\" class=\"item-image grid__item-img attachment-full\" alt=\"\" srcset=\"https:\/\/naturaltea.at\/tr\/wp-content\/uploads\/sites\/6\/2025\/09\/7.png 1920w, https:\/\/naturaltea.at\/tr\/wp-content\/uploads\/sites\/6\/2025\/09\/7-300x158.png 300w, https:\/\/naturaltea.at\/tr\/wp-content\/uploads\/sites\/6\/2025\/09\/7-1024x539.png 1024w, https:\/\/naturaltea.at\/tr\/wp-content\/uploads\/sites\/6\/2025\/09\/7-768x404.png 768w, https:\/\/naturaltea.at\/tr\/wp-content\/uploads\/sites\/6\/2025\/09\/7-1536x808.png 1536w\" sizes=\"(max-width: 1920px) 100vw, 1920px\" \/>    \n                                        <\/div>\n                                                                    <\/div>\n                            <\/div>\n                                                    <div class=\"pxl-swiper-slide\">\n                                <div class=\"outer\">\n                                    <div class=\"inner\">\n                                        <div class=\"slide-title-wrapper\">\n                                                                                            <div class=\"slide-title el-empty pxl-transtion\" data-firstline=\"View\" data-secondline=\"Project\">\n                                                    <span>\n                                                        <span>Ma\u011faza<\/span>\n                                                    <\/span>\n                                                <\/div>\n                                                                                    <\/div>\n                                    <\/div>\n                                <\/div>\n                                <div class=\"img-mask\">\n                                                                            <div class=\"section-image\">\n                                            <img loading=\"lazy\" decoding=\"async\" width=\"1920\" height=\"1010\" src=\"https:\/\/naturaltea.at\/tr\/wp-content\/uploads\/sites\/6\/2025\/09\/8.png\" class=\"item-image grid__item-img attachment-full\" alt=\"\" srcset=\"https:\/\/naturaltea.at\/tr\/wp-content\/uploads\/sites\/6\/2025\/09\/8.png 1920w, https:\/\/naturaltea.at\/tr\/wp-content\/uploads\/sites\/6\/2025\/09\/8-300x158.png 300w, https:\/\/naturaltea.at\/tr\/wp-content\/uploads\/sites\/6\/2025\/09\/8-1024x539.png 1024w, https:\/\/naturaltea.at\/tr\/wp-content\/uploads\/sites\/6\/2025\/09\/8-768x404.png 768w, https:\/\/naturaltea.at\/tr\/wp-content\/uploads\/sites\/6\/2025\/09\/8-1536x808.png 1536w, https:\/\/naturaltea.at\/tr\/wp-content\/uploads\/sites\/6\/2025\/09\/8-1170x615.png 1170w\" sizes=\"(max-width: 1920px) 100vw, 1920px\" \/>    \n                                        <\/div>\n                                                                    <\/div>\n                            <\/div>\n                                            <\/div>\n                <\/div>\n            <\/div>\n        <\/div>  \n        <div id=\"showcase-slider-lists\" class=\"pxl-slider-carousel pxl-slider-carousel5 pxl-parent-cursor pxl-parent-transition pxl-swiper-arrow-show\" data-view-auto=\"1\">\n            <div class=\"pxl-carousel-inner\">\n                <div class=\"pxl-swiper-container\">\n                    <div class=\"pxl-swiper-wrapper\">\n                                                    <div class=\"pxl-swiper-slide\">\n                                                                    <div class=\"slide-small-title\" data-swiper-parallax=\"0\" data-swiper-parallax-scale=\"0.5\">\n                                      <span>\n                                        <span>Natural Tea<\/span>\n                                    <\/span>\n                                <\/div>\n                                                    <\/div>\n                                                <div class=\"pxl-swiper-slide\">\n                                                                    <div class=\"slide-small-title\" data-swiper-parallax=\"0\" data-swiper-parallax-scale=\"0.5\">\n                                      <span>\n                                        <span>Ihlamur<\/span>\n                                    <\/span>\n                                <\/div>\n                                                    <\/div>\n                                                <div class=\"pxl-swiper-slide\">\n                                                                    <div class=\"slide-small-title\" data-swiper-parallax=\"0\" data-swiper-parallax-scale=\"0.5\">\n                                      <span>\n                                        <span>Papatya<\/span>\n                                    <\/span>\n                                <\/div>\n                                                    <\/div>\n                                                <div class=\"pxl-swiper-slide\">\n                                                                    <div class=\"slide-small-title\" data-swiper-parallax=\"0\" data-swiper-parallax-scale=\"0.5\">\n                                      <span>\n                                        <span>Mavi \u00c7ay<\/span>\n                                    <\/span>\n                                <\/div>\n                                                    <\/div>\n                                                <div class=\"pxl-swiper-slide\">\n                                                                    <div class=\"slide-small-title\" data-swiper-parallax=\"0\" data-swiper-parallax-scale=\"0.5\">\n                                      <span>\n                                        <span>Yayla Ada \u00c7ay\u0131<\/span>\n                                    <\/span>\n                                <\/div>\n                                                    <\/div>\n                                                <div class=\"pxl-swiper-slide\">\n                                                                    <div class=\"slide-small-title\" data-swiper-parallax=\"0\" data-swiper-parallax-scale=\"0.5\">\n                                      <span>\n                                        <span>Deli Kekik<\/span>\n                                    <\/span>\n                                <\/div>\n                                                    <\/div>\n                                                <div class=\"pxl-swiper-slide\">\n                                                                    <div class=\"slide-small-title\" data-swiper-parallax=\"0\" data-swiper-parallax-scale=\"0.5\">\n                                      <span>\n                                        <span>Karaba\u015f Otu Ada \u00c7ay\u0131<\/span>\n                                    <\/span>\n                                <\/div>\n                                                    <\/div>\n                                                <div class=\"pxl-swiper-slide\">\n                                                                    <div class=\"slide-small-title\" data-swiper-parallax=\"0\" data-swiper-parallax-scale=\"0.5\">\n                                      <span>\n                                        <span>Ma\u011faza<\/span>\n                                    <\/span>\n                                <\/div>\n                                                    <\/div>\n                                    <\/div>\n            <\/div>\n        <\/div>  \n    <\/div>\n    <div id=\"fixed-borders\">\n        <div class=\"caption-border left\"><\/div>\n        <div class=\"caption-border right\"><\/div>\n    <\/div>\n    <div class=\"pxl-item--social\">\n                                    <a class=\"elementor-repeater-item-7a54335 \" href=\"https:\/\/www.facebook.com\/profile.php?id=61558517314584\" data-wow-delay=\"ms\" data-wow-duration=\"1.2s\">\n                    <i aria-hidden=\"true\" class=\"fab fa-facebook\"><\/i>                                    <\/a>\n                           \n                                    <a class=\"elementor-repeater-item-ab34993 \" href=\"https:\/\/www.instagram.com\/natural.tea.life\/\" data-wow-delay=\"ms\" data-wow-duration=\"1.2s\">\n                    <i aria-hidden=\"true\" class=\"fab fa-instagram\"><\/i>                                    <\/a>\n                           \n                                    <a class=\"elementor-repeater-item-28ff69a \" href=\"https:\/\/www.linkedin.com\/company\/naturaltea\" data-wow-delay=\"ms\" data-wow-duration=\"1.2s\">\n                    <i aria-hidden=\"true\" class=\"fab fa-linkedin\"><\/i>                                    <\/a>\n                           \n            <\/div>\n    <div class=\"pxl-title-logo\">\n        <div class=\"logo\">\n            NATURAL TEA        <\/div>\n    <\/div>\n\t\t\t\t<\/div>\n\t\t\t\t<\/div>\n\t\t            <\/div>\r\n        <\/div>\r\n        \t\t\t<\/div>\n\t\t<\/section>\n\t\t\t\t<\/div>\n\t\t","protected":false},"excerpt":{"rendered":"<p>Natural Tea Ihlamur Papatya Mavi \u00c7ay Yayla Ada \u00c7ay\u0131 Deli Kekik Karaba\u015f Otu Ada \u00c7ay\u0131 Ma\u011faza Natural Tea Ihlamur Papatya Mavi \u00c7ay Yayla Ada \u00c7ay\u0131 Deli Kekik Karaba\u015f Otu Ada \u00c7ay\u0131 Ma\u011faza NATURAL TEA<\/p>\n","protected":false},"author":1,"featured_media":0,"parent":0,"menu_order":0,"comment_status":"closed","ping_status":"closed","template":"","meta":{"footnotes":""},"class_list":["post-5245","page","type-page","status-publish","hentry"],"_links":{"self":[{"href":"https:\/\/naturaltea.at\/tr\/wp-json\/wp\/v2\/pages\/5245","targetHints":{"allow":["GET"]}}],"collection":[{"href":"https:\/\/naturaltea.at\/tr\/wp-json\/wp\/v2\/pages"}],"about":[{"href":"https:\/\/naturaltea.at\/tr\/wp-json\/wp\/v2\/types\/page"}],"author":[{"embeddable":true,"href":"https:\/\/naturaltea.at\/tr\/wp-json\/wp\/v2\/users\/1"}],"replies":[{"embeddable":true,"href":"https:\/\/naturaltea.at\/tr\/wp-json\/wp\/v2\/comments?post=5245"}],"version-history":[{"count":106,"href":"https:\/\/naturaltea.at\/tr\/wp-json\/wp\/v2\/pages\/5245\/revisions"}],"predecessor-version":[{"id":17968,"href":"https:\/\/naturaltea.at\/tr\/wp-json\/wp\/v2\/pages\/5245\/revisions\/17968"}],"wp:attachment":[{"href":"https:\/\/naturaltea.at\/tr\/wp-json\/wp\/v2\/media?parent=5245"}],"curies":[{"name":"wp","href":"https:\/\/api.w.org\/{rel}","templated":true}]}}