{"id":18049,"date":"2025-09-09T18:10:27","date_gmt":"2025-09-09T18:10:27","guid":{"rendered":"https:\/\/naturaltea.at\/tr\/?page_id=18049"},"modified":"2025-09-09T18:10:47","modified_gmt":"2025-09-09T18:10:47","slug":"ghk","status":"publish","type":"page","link":"https:\/\/naturaltea.at\/tr\/ghk\/","title":{"rendered":"GHK"},"content":{"rendered":"\t\t<div data-elementor-type=\"wp-page\" data-elementor-id=\"18049\" class=\"elementor elementor-18049\">\n\t\t\t\t<div class=\"elementor-element elementor-element-15c5b2e e-flex e-con-boxed e-con e-parent \" data-id=\"15c5b2e\" data-element_type=\"container\" data-e-type=\"container\">\t\t\t<div class=\"e-con-inner\">\r\n\t\t\t\t<div class=\"elementor-element elementor-element-df0f8ed elementor-widget elementor-widget-text-editor\" data-id=\"df0f8ed\" data-element_type=\"widget\" data-e-type=\"widget\" data-widget_type=\"text-editor.default\">\n\t\t\t\t\t\t\t\t\t<p><strong>Hizmet \u015eartlar\u0131<\/strong><\/p><p><strong>Genel H\u00fck\u00fcm ve Ko\u015fullar (GHK)<\/strong><\/p><p><strong>1. Kapsam<\/strong><br \/>A\u015fa\u011f\u0131daki Genel H\u00fck\u00fcm ve Ko\u015fullar (GHK), Natural Tea (&#8220;biz&#8221;, &#8220;bize&#8221;, &#8220;bizim&#8221;) ve m\u00fc\u015fterilerimiz (&#8220;M\u00fc\u015fteri&#8221;, &#8220;siz&#8221;) aras\u0131nda \u00e7evrimi\u00e7i ma\u011fazam\u0131z (<a href=\"http:\/\/www.naturaltea.at\" target=\"_blank\" rel=\"noopener\">www.naturaltea.at<\/a>) \u00fczerinden yap\u0131lan t\u00fcm sipari\u015fler ve s\u00f6zle\u015fmeler i\u00e7in ge\u00e7erlidir.<\/p><p><strong>2. S\u00f6zle\u015fmenin Taraflar\u0131<\/strong><br \/>Sat\u0131\u015f s\u00f6zle\u015fmesi \u015funlarla akdedilmi\u015ftir:<br \/>\u00d6zer Barbaros<br \/>Eisengasse 65, 6850 Dornbirn<br \/><a href=\"mailto:info@naturaltea.at\">info@naturaltea.at<\/a><br \/>&#8211;<\/p><p><strong>3. S\u00f6zle\u015fmenin Akdedilmesi<\/strong><br \/>\u00dcr\u00fcnlerin \u00e7evrimi\u00e7i ma\u011fazam\u0131zda sunulmas\u0131, yasal olarak ba\u011flay\u0131c\u0131 bir teklif de\u011fil, bir teklif sunma davetidir. M\u00fc\u015fteri, bir sipari\u015f g\u00f6ndererek, sepetteki \u00fcr\u00fcnleri sat\u0131n almak i\u00e7in ba\u011flay\u0131c\u0131 bir teklif sunar. Sipari\u015fin al\u0131nd\u0131\u011f\u0131n\u0131 otomatik bir e-posta ile onaylar\u0131z, ancak bu, teklifin kabul edildi\u011fi anlam\u0131na gelmez. S\u00f6zle\u015fme, sipari\u015fi bir g\u00f6nderim onay\u0131 veya \u00fcr\u00fcnlerin teslimat\u0131 ile kabul etti\u011fimizde akdedilir.<\/p><p><strong>4. Fiyatlar ve \u00d6deme Ko\u015fullar\u0131<\/strong><br \/>Belirtilen t\u00fcm fiyatlar nihai fiyatt\u0131r ve yasal Katma De\u011fer Vergisi&#8217;ni i\u00e7erir. Fiyata dahil olmad\u0131\u011f\u0131 s\u00fcrece g\u00f6nderim \u00fccretleri ayr\u0131ca eklenir. \u00d6deme, PayPal, kredi kart\u0131, banka havalesi vb. ile yap\u0131l\u0131r. \u00d6deme y\u00f6ntemlerini istedi\u011fimiz zaman de\u011fi\u015ftirme veya geni\u015fletme hakk\u0131m\u0131z\u0131 sakl\u0131 tutar\u0131z.<\/p><p><strong>5. Teslimat<\/strong><br \/>\u00dcr\u00fcnleri, M\u00fc\u015fteri taraf\u0131ndan belirtilen teslimat adresine g\u00f6ndeririz. Teslimat, aksi belirtilmedik\u00e7e, \u00f6demenin al\u0131nmas\u0131ndan sonra genellikle [2-3] i\u015f g\u00fcn\u00fc i\u00e7inde ger\u00e7ekle\u015fir. Kontrol\u00fcm\u00fcz d\u0131\u015f\u0131ndaki teslimat gecikmelerinden (\u00f6rne\u011fin, \u00fc\u00e7\u00fcnc\u00fc taraflardan kaynaklanan teslimat sorunlar\u0131) sorumlu de\u011filiz.<\/p><p><strong>6. Cayma Hakk\u0131<\/strong><br \/>M\u00fc\u015fteriler, s\u00f6zle\u015fmeden 14 g\u00fcn i\u00e7inde herhangi bir gerek\u00e7e g\u00f6stermeksizin cayma hakk\u0131na sahiptir. Cayma s\u00fcresi, M\u00fc\u015fteri veya onun belirledi\u011fi bir \u00fc\u00e7\u00fcnc\u00fc taraf\u0131n son \u00fcr\u00fcn\u00fc teslim ald\u0131\u011f\u0131 g\u00fcn ba\u015flar. Cayma hakk\u0131n\u0131 kullanmak i\u00e7in M\u00fc\u015fteri, bize yaz\u0131l\u0131 olarak bilgi vermelidir. Cayma hakk\u0131 hakk\u0131nda daha fazla ayr\u0131nt\u0131 i\u00e7in l\u00fctfen Cayma Hakk\u0131 Talimatlar\u0131m\u0131za bak\u0131n.<\/p><p><strong>7. Garanti ve Sorumluluk<\/strong><br \/>Yasal garanti haklar\u0131 ge\u00e7erlidir. Teslim edilen \u00fcr\u00fcnde kusur olmas\u0131 durumunda, M\u00fc\u015fterilerin ek performans (yedek teslimat) hakk\u0131 vard\u0131r. Bunun m\u00fcmk\u00fcn olmamas\u0131 durumunda, M\u00fc\u015fteri s\u00f6zle\u015fmeden cayabilir veya sat\u0131n alma fiyat\u0131n\u0131 d\u00fc\u015f\u00fcrebilir. \u00d6zellikle, yasal olarak izin verildi\u011fi \u00f6l\u00e7\u00fcde dolayl\u0131 zararlar dahil olmak \u00fczere daha fazla sorumluluk reddedilir.<\/p><p><strong>8. Veri Koruma<\/strong><br \/>Ki\u015fisel verilerinizin korunmas\u0131 bizim i\u00e7in \u00f6nemlidir. Ki\u015fisel verilerin toplanmas\u0131, i\u015flenmesi ve kullan\u0131lmas\u0131yla ilgili t\u00fcm bilgileri Gizlilik Politikam\u0131zda bulabilirsiniz.<\/p><p><strong>9. M\u00fclkiyet Hakk\u0131<\/strong><br \/>Teslim edilen \u00fcr\u00fcn, tam \u00f6deme yap\u0131lana kadar m\u00fclkiyetimizde kal\u0131r.<\/p><p><strong>10. Nihai H\u00fck\u00fcmler<\/strong><br \/>Uluslararas\u0131 sat\u0131n alma yasalar\u0131 hari\u00e7 olmak \u00fczere, Avusturya Federal Cumhuriyeti yasalar\u0131 ge\u00e7erlidir. Bu GHK&#8217;nin bir h\u00fckm\u00fc ge\u00e7ersiz veya uygulanamaz olursa, di\u011fer h\u00fck\u00fcmler etkilenmez. Bu s\u00f6zle\u015fmeden kaynaklanan t\u00fcm anla\u015fmazl\u0131klar i\u00e7in yarg\u0131 yeri, M\u00fc\u015fterinin bir t\u00fcccar olmas\u0131 ko\u015fuluyla &#8211; olacakt\u0131r.<\/p>\t\t\t\t\t\t\t\t<\/div>\n\t\t\t\t\t<\/div>\r\n\t\t\t\t<\/div>\r\n\t\t\t\t<\/div>\n\t\t","protected":false},"excerpt":{"rendered":"<p>Hizmet \u015eartlar\u0131 Genel H\u00fck\u00fcm ve Ko\u015fullar (GHK) 1. KapsamA\u015fa\u011f\u0131daki Genel H\u00fck\u00fcm ve Ko\u015fullar (GHK), Natural Tea (&#8220;biz&#8221;, &#8220;bize&#8221;, &#8220;bizim&#8221;) ve m\u00fc\u015fterilerimiz (&#8220;M\u00fc\u015fteri&#8221;, &#8220;siz&#8221;) aras\u0131nda \u00e7evrimi\u00e7i ma\u011fazam\u0131z (www.naturaltea.at) \u00fczerinden yap\u0131lan t\u00fcm sipari\u015fler ve s\u00f6zle\u015fmeler i\u00e7in ge\u00e7erlidir. 2. S\u00f6zle\u015fmenin Taraflar\u0131Sat\u0131\u015f s\u00f6zle\u015fmesi \u015funlarla akdedilmi\u015ftir:\u00d6zer BarbarosEisengasse 65, 6850 Dornbirninfo@naturaltea.at&#8211; 3. S\u00f6zle\u015fmenin Akdedilmesi\u00dcr\u00fcnlerin \u00e7evrimi\u00e7i ma\u011fazam\u0131zda sunulmas\u0131, yasal olarak ba\u011flay\u0131c\u0131 bir [&hellip;]<\/p>\n","protected":false},"author":1,"featured_media":0,"parent":0,"menu_order":0,"comment_status":"closed","ping_status":"closed","template":"","meta":{"footnotes":""},"class_list":["post-18049","page","type-page","status-publish","hentry"],"_links":{"self":[{"href":"https:\/\/naturaltea.at\/tr\/wp-json\/wp\/v2\/pages\/18049","targetHints":{"allow":["GET"]}}],"collection":[{"href":"https:\/\/naturaltea.at\/tr\/wp-json\/wp\/v2\/pages"}],"about":[{"href":"https:\/\/naturaltea.at\/tr\/wp-json\/wp\/v2\/types\/page"}],"author":[{"embeddable":true,"href":"https:\/\/naturaltea.at\/tr\/wp-json\/wp\/v2\/users\/1"}],"replies":[{"embeddable":true,"href":"https:\/\/naturaltea.at\/tr\/wp-json\/wp\/v2\/comments?post=18049"}],"version-history":[{"count":3,"href":"https:\/\/naturaltea.at\/tr\/wp-json\/wp\/v2\/pages\/18049\/revisions"}],"predecessor-version":[{"id":18052,"href":"https:\/\/naturaltea.at\/tr\/wp-json\/wp\/v2\/pages\/18049\/revisions\/18052"}],"wp:attachment":[{"href":"https:\/\/naturaltea.at\/tr\/wp-json\/wp\/v2\/media?parent=18049"}],"curies":[{"name":"wp","href":"https:\/\/api.w.org\/{rel}","templated":true}]}}