{"id":18043,"date":"2025-09-09T17:11:51","date_gmt":"2025-09-09T17:11:51","guid":{"rendered":"https:\/\/naturaltea.at\/tr\/?page_id=18043"},"modified":"2025-09-09T17:12:08","modified_gmt":"2025-09-09T17:12:08","slug":"cayma-hakki","status":"publish","type":"page","link":"https:\/\/naturaltea.at\/tr\/cayma-hakki\/","title":{"rendered":"Cayma Hakk\u0131"},"content":{"rendered":"\t\t<div data-elementor-type=\"wp-page\" data-elementor-id=\"18043\" class=\"elementor elementor-18043\">\n\t\t\t\t<div class=\"elementor-element elementor-element-733aae8 e-flex e-con-boxed e-con e-parent \" data-id=\"733aae8\" data-element_type=\"container\" data-e-type=\"container\">\t\t\t<div class=\"e-con-inner\">\r\n\t\t\t\t<div class=\"elementor-element elementor-element-527d64b elementor-widget elementor-widget-text-editor\" data-id=\"527d64b\" data-element_type=\"widget\" data-e-type=\"widget\" data-widget_type=\"text-editor.default\">\n\t\t\t\t\t\t\t\t\t<p><strong>Cayma Hakk\u0131<\/strong><\/p><p>14 g\u00fcnl\u00fck iade hakk\u0131 tan\u0131yoruz. Bu, \u00fcr\u00fcn\u00fcn\u00fcz\u00fc ald\u0131ktan sonraki 14 g\u00fcn i\u00e7inde bir iade talebinde bulunabilece\u011finiz anlam\u0131na gelir.<\/p><p>\u0130adeye hak kazanmak i\u00e7in, \u00fcr\u00fcn\u00fcn size ula\u015ft\u0131\u011f\u0131 gibi, giyilmemi\u015f, kullan\u0131lmam\u0131\u015f, etiketli ve orijinal ambalaj\u0131nda olmas\u0131 gerekir. Ayr\u0131ca, makbuz veya ba\u015fka bir sat\u0131n alma kan\u0131t\u0131na ihtiyac\u0131n\u0131z olacakt\u0131r.<\/p><p>\u0130adeyi ba\u015flatmak i\u00e7in, <a href=\"mailto:info@naturaltea.at\">info@naturaltea.at<\/a> adresinden bizimle ileti\u015fime ge\u00e7ebilirsiniz. \u0130adelerin \u015fu adrese g\u00f6nderilmesi gerekti\u011fini l\u00fctfen unutmay\u0131n: Natural Tea, Eisengasse 65, 6850 Dornbirn, AT<\/p><p>\u0130adeniz kabul edildi\u011finde, size bir iade etiketi ve paketi nas\u0131l ve nereye g\u00f6nderece\u011finize dair talimatlar g\u00f6nderece\u011fiz. \u00d6nceden iade talebinde bulunulmadan bize geri g\u00f6nderilen \u00fcr\u00fcnler kabul edilmeyecektir.<\/p><p>\u0130adeyle ilgili herhangi bir sorunuz varsa, istedi\u011finiz zaman <a href=\"mailto:info@naturaltea.at\">info@naturaltea.at<\/a> adresinden bizimle ileti\u015fime ge\u00e7ebilirsiniz.<\/p><p><strong>Hasarlar ve Sorunlar<\/strong><\/p><p>L\u00fctfen sipari\u015finizi teslim ald\u0131\u011f\u0131n\u0131zda kontrol edin ve \u00fcr\u00fcn kusurlu veya hasarl\u0131ysa ya da yanl\u0131\u015f \u00fcr\u00fcn ald\u0131ysan\u0131z, sorunu de\u011ferlendirip d\u00fczeltebilmemiz i\u00e7in derhal bizimle ileti\u015fime ge\u00e7in.<\/p><p><strong>\u0130stisnalar \/ \u0130adeye Uygun Olmayan \u00dcr\u00fcnler<\/strong><\/p><p>Belirli \u00fcr\u00fcnler iade edilemez, \u00f6rne\u011fin bozulabilir \u00fcr\u00fcnler (\u00f6rne\u011fin g\u0131da, \u00e7i\u00e7ek veya bitkiler), \u00f6zel yap\u0131m \u00fcr\u00fcnler (\u00f6rne\u011fin \u00f6zel sipari\u015fler veya ki\u015fiselle\u015ftirilmi\u015f \u00fcr\u00fcnler) ve ki\u015fisel bak\u0131m \u00fcr\u00fcnleri (\u00f6rne\u011fin g\u00fczellik \u00fcr\u00fcnleri). Ayr\u0131ca, tehlikeli maddeler, yan\u0131c\u0131 s\u0131v\u0131lar veya gazlar\u0131n iadesini de kabul etmiyoruz. \u00d6zel bir \u00fcr\u00fcnle ilgili sorular\u0131n\u0131z veya endi\u015feleriniz varsa l\u00fctfen bizimle ileti\u015fime ge\u00e7in.<\/p><p>Maalesef, indirimli \u00fcr\u00fcnlerin veya hediye \u00e7eklerinin iadesini kabul edemiyoruz.<\/p><p><strong>De\u011fi\u015fim<\/strong><\/p><p>\u0130stedi\u011finiz \u00fcr\u00fcn\u00fc en h\u0131zl\u0131 \u015fekilde elde etmenin yolu, elinizdeki \u00fcr\u00fcn\u00fc iade etmek ve iade kabul edildikten sonra yeni \u00fcr\u00fcn\u00fc ayr\u0131 bir sat\u0131n alma i\u015flemiyle almakt\u0131r.<\/p><p><strong>Avrupa Birli\u011fi &#8211; 14 G\u00fcnl\u00fck Cayma S\u00fcresi<\/strong><\/p><p>Bununla birlikte, \u00fcr\u00fcn\u00fcn Avrupa Birli\u011fi&#8217;ne g\u00f6nderilmesi durumunda, sipari\u015finizi herhangi bir neden g\u00f6stermeksizin 14 g\u00fcn i\u00e7inde iptal etme veya iade etme hakk\u0131na sahipsiniz. Yukar\u0131da belirtildi\u011fi gibi, \u00fcr\u00fcn\u00fcn size ula\u015ft\u0131\u011f\u0131 gibi, giyilmemi\u015f, kullan\u0131lmam\u0131\u015f, etiketli ve orijinal ambalaj\u0131nda olmas\u0131 gerekir. Ayr\u0131ca, makbuz veya ba\u015fka bir sat\u0131n alma kan\u0131t\u0131na ihtiyac\u0131n\u0131z olacakt\u0131r.<\/p><p><strong>Geri \u00d6demeler<\/strong><\/p><p>\u0130adenizi al\u0131p inceledikten sonra sizi bilgilendirece\u011fiz ve geri \u00f6demenin onaylan\u0131p onaylanmad\u0131\u011f\u0131n\u0131 size bildirece\u011fiz. Onaylan\u0131rsa, orijinal \u00f6deme y\u00f6nteminize 10 i\u015f g\u00fcn\u00fc i\u00e7inde otomatik olarak geri \u00f6deme yap\u0131lacakt\u0131r. L\u00fctfen bankan\u0131z\u0131n veya kredi kart\u0131 \u015firketinizin geri \u00f6demeyi i\u015flemesi ve postalamas\u0131 biraz zaman alabilece\u011fini unutmay\u0131n.<\/p><p>\u0130adenizin onaylanmas\u0131ndan bu yana 15 i\u015f g\u00fcn\u00fcnden fazla s\u00fcre ge\u00e7tiyse, l\u00fctfen <a href=\"mailto:info@naturaltea.at\">info@naturaltea.at<\/a> adresinden bizimle ileti\u015fime ge\u00e7in.<\/p>\t\t\t\t\t\t\t\t<\/div>\n\t\t\t\t\t<\/div>\r\n\t\t\t\t<\/div>\r\n\t\t\t\t<\/div>\n\t\t","protected":false},"excerpt":{"rendered":"<p>Cayma Hakk\u0131 14 g\u00fcnl\u00fck iade hakk\u0131 tan\u0131yoruz. Bu, \u00fcr\u00fcn\u00fcn\u00fcz\u00fc ald\u0131ktan sonraki 14 g\u00fcn i\u00e7inde bir iade talebinde bulunabilece\u011finiz anlam\u0131na gelir. \u0130adeye hak kazanmak i\u00e7in, \u00fcr\u00fcn\u00fcn size ula\u015ft\u0131\u011f\u0131 gibi, giyilmemi\u015f, kullan\u0131lmam\u0131\u015f, etiketli ve orijinal ambalaj\u0131nda olmas\u0131 gerekir. Ayr\u0131ca, makbuz veya ba\u015fka bir sat\u0131n alma kan\u0131t\u0131na ihtiyac\u0131n\u0131z olacakt\u0131r. \u0130adeyi ba\u015flatmak i\u00e7in, info@naturaltea.at adresinden bizimle ileti\u015fime ge\u00e7ebilirsiniz. \u0130adelerin [&hellip;]<\/p>\n","protected":false},"author":1,"featured_media":0,"parent":0,"menu_order":0,"comment_status":"closed","ping_status":"closed","template":"","meta":{"footnotes":""},"class_list":["post-18043","page","type-page","status-publish","hentry"],"_links":{"self":[{"href":"https:\/\/naturaltea.at\/tr\/wp-json\/wp\/v2\/pages\/18043","targetHints":{"allow":["GET"]}}],"collection":[{"href":"https:\/\/naturaltea.at\/tr\/wp-json\/wp\/v2\/pages"}],"about":[{"href":"https:\/\/naturaltea.at\/tr\/wp-json\/wp\/v2\/types\/page"}],"author":[{"embeddable":true,"href":"https:\/\/naturaltea.at\/tr\/wp-json\/wp\/v2\/users\/1"}],"replies":[{"embeddable":true,"href":"https:\/\/naturaltea.at\/tr\/wp-json\/wp\/v2\/comments?post=18043"}],"version-history":[{"count":3,"href":"https:\/\/naturaltea.at\/tr\/wp-json\/wp\/v2\/pages\/18043\/revisions"}],"predecessor-version":[{"id":18046,"href":"https:\/\/naturaltea.at\/tr\/wp-json\/wp\/v2\/pages\/18043\/revisions\/18046"}],"wp:attachment":[{"href":"https:\/\/naturaltea.at\/tr\/wp-json\/wp\/v2\/media?parent=18043"}],"curies":[{"name":"wp","href":"https:\/\/api.w.org\/{rel}","templated":true}]}}