{"id":18036,"date":"2025-09-09T17:10:26","date_gmt":"2025-09-09T17:10:26","guid":{"rendered":"https:\/\/naturaltea.at\/tr\/?page_id=18036"},"modified":"2025-09-09T17:10:45","modified_gmt":"2025-09-09T17:10:45","slug":"gonderim","status":"publish","type":"page","link":"https:\/\/naturaltea.at\/tr\/gonderim\/","title":{"rendered":"G\u00f6nderim"},"content":{"rendered":"\t\t<div data-elementor-type=\"wp-page\" data-elementor-id=\"18036\" class=\"elementor elementor-18036\">\n\t\t\t\t<div class=\"elementor-element elementor-element-9d7ff24 e-flex e-con-boxed e-con e-parent \" data-id=\"9d7ff24\" data-element_type=\"container\" data-e-type=\"container\">\t\t\t<div class=\"e-con-inner\">\r\n\t\t\t\t<div class=\"elementor-element elementor-element-e3f61d1 elementor-widget elementor-widget-text-editor\" data-id=\"e3f61d1\" data-element_type=\"widget\" data-e-type=\"widget\" data-widget_type=\"text-editor.default\">\n\t\t\t\t\t\t\t\t\t<p><strong>G\u00f6nderim<\/strong><\/p><p><strong>G\u00f6nderim Ko\u015fullar\u0131<\/strong><\/p><p><strong>1. G\u00f6nderim \u00dccretleri<\/strong><br \/>G\u00f6nderim \u00fccretleri, sipari\u015f s\u00fcreci s\u0131ras\u0131nda g\u00f6sterilir ve teslimat adresine, g\u00f6nderim y\u00f6ntemine ve sipari\u015f de\u011ferine g\u00f6re de\u011fi\u015fir. Belirli \u00fclke veya b\u00f6lgelere yap\u0131lan teslimatlar i\u00e7in ek \u00fccretler uygulanabilir.<\/p><p><strong>2. G\u00f6nderim Y\u00f6ntemleri<\/strong><br \/>A\u015fa\u011f\u0131daki g\u00f6nderim se\u00e7eneklerini sunuyoruz:<\/p><ul><li><strong>Standart G\u00f6nderim:<\/strong> 1-2 i\u015f g\u00fcn\u00fc<\/li><li><strong>Ekspres G\u00f6nderim:<\/strong> 1 i\u015f g\u00fcn\u00fc<\/li><\/ul><p>Kesin g\u00f6nderim y\u00f6ntemleri ve \u00fccretleri \u00f6deme s\u0131ras\u0131nda g\u00f6sterilecektir.<\/p><p><strong>3. Teslimat S\u00fcreleri<\/strong><br \/>Tahmini teslimat s\u00fcresi, se\u00e7ilen g\u00f6nderim y\u00f6ntemine ve var\u0131\u015f \u00fclkesine ba\u011fl\u0131d\u0131r. Genellikle, Avusturya i\u00e7i sipari\u015fler i\u00e7in teslimat s\u00fcresi 1-2 i\u015f g\u00fcn\u00fcd\u00fcr. Uluslararas\u0131 sipari\u015fler i\u00e7in teslimat, var\u0131\u015f \u00fclkesine ve g\u00f6nderim y\u00f6ntemine ba\u011fl\u0131 olarak daha uzun s\u00fcrebilir.<br \/>L\u00fctfen, teslimat s\u00fcrelerinin, y\u00fcksek sipari\u015f hacimleri veya g\u00f6nderim hizmeti sa\u011flay\u0131c\u0131s\u0131ndan kaynaklanan gecikmeler gibi \u00f6ng\u00f6r\u00fclemeyen ko\u015fullar nedeniyle uzayabilece\u011fini unutmay\u0131n. Sipari\u015finizin size en k\u0131sa s\u00fcrede ula\u015fmas\u0131n\u0131 sa\u011flamak i\u00e7in elimizden gelenin en iyisini yap\u0131yoruz.<\/p><p><strong>4. G\u00f6nderim Alanlar\u0131<\/strong><br \/>Avusturya i\u00e7ine ve uluslararas\u0131 g\u00f6nderim yap\u0131yoruz. Teslimat alanlar\u0131, <a href=\"http:\/\/www.naturaltea.at\" target=\"_blank\" rel=\"noopener\">www.naturaltea.at<\/a> adresindeki web sitemizde her zaman ayarlanabilir. \u015eu anda g\u00f6nderim yapmad\u0131\u011f\u0131m\u0131z b\u00f6lgelere veya \u00fclkelere yap\u0131lan sipari\u015fler i\u015fleme al\u0131nmayacakt\u0131r.<\/p><p><strong>5. G\u00f6nderim Onay\u0131 ve Takibi<\/strong><br \/>Sipari\u015finiz g\u00f6nderildikten sonra, teslimat\u0131n\u0131z\u0131n durumunu takip edebilece\u011finiz bir takip ba\u011flant\u0131s\u0131 i\u00e7eren bir g\u00f6nderim onay\u0131 e-postas\u0131 alacaks\u0131n\u0131z. Baz\u0131 durumlarda, takip bilgilerinin g\u00fcncellenmesi 24 saat kadar s\u00fcrebilir.<\/p><p><strong>6. G\u00f6nderim Sigortas\u0131<\/strong><br \/>Avusturya i\u00e7i g\u00f6nderimler i\u00e7in ek sigorta gerekmemektedir. Uluslararas\u0131 teslimatlar i\u00e7in, \u00f6deme s\u0131ras\u0131nda ekleyebilece\u011finiz iste\u011fe ba\u011fl\u0131 bir g\u00f6nderim sigortas\u0131 sunuyoruz.<\/p><p><strong>7. G\u00fcmr\u00fck \u00dccretleri ve Vergiler<\/strong><br \/>Uluslararas\u0131 sipari\u015fler i\u00e7in, m\u00fc\u015fteri taraf\u0131ndan kar\u015f\u0131lanmas\u0131 gereken ek g\u00fcmr\u00fck \u00fccretleri ve vergiler uygulanabilir. Bu \u00fccretler, \u00fcr\u00fcn fiyatlar\u0131na veya g\u00f6nderim \u00fccretlerine dahil de\u011fildir ve var\u0131\u015f \u00fclkesine g\u00f6re de\u011fi\u015fir. Olas\u0131 \u00fccretler hakk\u0131nda \u00f6nceden ilgili g\u00fcmr\u00fck makamlar\u0131ndan bilgi alman\u0131z\u0131 \u00f6neririz.<\/p><p><strong>8. Teslimat Gecikmeleri<\/strong><br \/>Sipari\u015finizi h\u0131zl\u0131 ve g\u00fcvenilir bir \u015fekilde teslim etmek i\u00e7in her zaman \u00e7aba g\u00f6steriyoruz. Ancak, a\u015f\u0131r\u0131 hava ko\u015fullar\u0131, do\u011fal afetler veya grevler gibi \u00f6ng\u00f6r\u00fclemeyen ko\u015fullardan kaynaklanan gecikmeler olmas\u0131 durumunda, kontrol\u00fcm\u00fcz d\u0131\u015f\u0131nda meydana gelen gecikmelerden dolay\u0131 herhangi bir sorumluluk kabul etmiyoruz.<\/p><p><strong>9. Teslim Edilemeyen Paketler<\/strong><br \/>Paketin teslim edilememesi durumunda (\u00f6rne\u011fin, yanl\u0131\u015f veya eksik bir adres nedeniyle), paketi geri g\u00f6nderme veya sipari\u015fi iptal etme hakk\u0131n\u0131 sakl\u0131 tutar\u0131z. Bu durumda, yeniden g\u00f6nderim \u00fccretleri veya ortaya \u00e7\u0131kan g\u00f6nderim \u00fccretleri d\u00fc\u015f\u00fcld\u00fckten sonra bir geri \u00f6deme yap\u0131labilir.<\/p><p><strong>10. Hasarl\u0131 \u00dcr\u00fcnler<\/strong><br \/>\u00dcr\u00fcnleriniz teslimat s\u0131ras\u0131nda hasarl\u0131 gelirse, l\u00fctfen \u00fcr\u00fcn\u00fc teslim ald\u0131ktan hemen sonra benimle ileti\u015fime ge\u00e7in. Durumu inceleyece\u011fim ve gerekirse yedek bir \u00fcr\u00fcn veya geri \u00f6deme sunaca\u011f\u0131m.<\/p>\t\t\t\t\t\t\t\t<\/div>\n\t\t\t\t\t<\/div>\r\n\t\t\t\t<\/div>\r\n\t\t\t\t<\/div>\n\t\t","protected":false},"excerpt":{"rendered":"<p>G\u00f6nderim G\u00f6nderim Ko\u015fullar\u0131 1. G\u00f6nderim \u00dccretleriG\u00f6nderim \u00fccretleri, sipari\u015f s\u00fcreci s\u0131ras\u0131nda g\u00f6sterilir ve teslimat adresine, g\u00f6nderim y\u00f6ntemine ve sipari\u015f de\u011ferine g\u00f6re de\u011fi\u015fir. Belirli \u00fclke veya b\u00f6lgelere yap\u0131lan teslimatlar i\u00e7in ek \u00fccretler uygulanabilir. 2. G\u00f6nderim Y\u00f6ntemleriA\u015fa\u011f\u0131daki g\u00f6nderim se\u00e7eneklerini sunuyoruz: Standart G\u00f6nderim: 1-2 i\u015f g\u00fcn\u00fc Ekspres G\u00f6nderim: 1 i\u015f g\u00fcn\u00fc Kesin g\u00f6nderim y\u00f6ntemleri ve \u00fccretleri \u00f6deme s\u0131ras\u0131nda g\u00f6sterilecektir. [&hellip;]<\/p>\n","protected":false},"author":1,"featured_media":0,"parent":0,"menu_order":0,"comment_status":"closed","ping_status":"closed","template":"","meta":{"footnotes":""},"class_list":["post-18036","page","type-page","status-publish","hentry"],"_links":{"self":[{"href":"https:\/\/naturaltea.at\/tr\/wp-json\/wp\/v2\/pages\/18036","targetHints":{"allow":["GET"]}}],"collection":[{"href":"https:\/\/naturaltea.at\/tr\/wp-json\/wp\/v2\/pages"}],"about":[{"href":"https:\/\/naturaltea.at\/tr\/wp-json\/wp\/v2\/types\/page"}],"author":[{"embeddable":true,"href":"https:\/\/naturaltea.at\/tr\/wp-json\/wp\/v2\/users\/1"}],"replies":[{"embeddable":true,"href":"https:\/\/naturaltea.at\/tr\/wp-json\/wp\/v2\/comments?post=18036"}],"version-history":[{"count":3,"href":"https:\/\/naturaltea.at\/tr\/wp-json\/wp\/v2\/pages\/18036\/revisions"}],"predecessor-version":[{"id":18039,"href":"https:\/\/naturaltea.at\/tr\/wp-json\/wp\/v2\/pages\/18036\/revisions\/18039"}],"wp:attachment":[{"href":"https:\/\/naturaltea.at\/tr\/wp-json\/wp\/v2\/media?parent=18036"}],"curies":[{"name":"wp","href":"https:\/\/api.w.org\/{rel}","templated":true}]}}