{"id":18029,"date":"2025-09-09T17:09:34","date_gmt":"2025-09-09T17:09:34","guid":{"rendered":"https:\/\/naturaltea.at\/tr\/?page_id=18029"},"modified":"2025-09-09T17:09:55","modified_gmt":"2025-09-09T17:09:55","slug":"iletisim-bilgileri","status":"publish","type":"page","link":"https:\/\/naturaltea.at\/tr\/iletisim-bilgileri\/","title":{"rendered":"\u0130leti\u015fim Bilgileri"},"content":{"rendered":"\t\t<div data-elementor-type=\"wp-page\" data-elementor-id=\"18029\" class=\"elementor elementor-18029\">\n\t\t\t\t<div class=\"elementor-element elementor-element-05289a3 e-flex e-con-boxed e-con e-parent \" data-id=\"05289a3\" data-element_type=\"container\" data-e-type=\"container\">\t\t\t<div class=\"e-con-inner\">\r\n\t\t\t\t<div class=\"elementor-element elementor-element-1400c0a elementor-widget elementor-widget-text-editor\" data-id=\"1400c0a\" data-element_type=\"widget\" data-e-type=\"widget\" data-widget_type=\"text-editor.default\">\n\t\t\t\t\t\t\t\t\t<p><strong>\u0130leti\u015fim Bilgileri<\/strong><\/p><p><strong>Ticari Ad\u0131:<\/strong> Natural Tea<\/p><p><strong>Telefon Numaras\u0131:<\/strong> &#8211;<\/p><p><strong>E-posta:<\/strong> <a href=\"mailto:info@naturaltea.at\">info@naturaltea.at<\/a><\/p><p><strong>Fiziksel Adres:<\/strong> Eisengasse 65, 6850 Dornbirn, AT<\/p><p><strong>KDV Kimlik Numaras\u0131:<\/strong> &#8211;<\/p><p><strong>Ticari Sicil Numaras\u0131:<\/strong> &#8211;<\/p>\t\t\t\t\t\t\t\t<\/div>\n\t\t\t\t\t<\/div>\r\n\t\t\t\t<\/div>\r\n\t\t\t\t<\/div>\n\t\t","protected":false},"excerpt":{"rendered":"<p>\u0130leti\u015fim Bilgileri Ticari Ad\u0131: Natural Tea Telefon Numaras\u0131: &#8211; E-posta: info@naturaltea.at Fiziksel Adres: Eisengasse 65, 6850 Dornbirn, AT KDV Kimlik Numaras\u0131: &#8211; Ticari Sicil Numaras\u0131: &#8211;<\/p>\n","protected":false},"author":1,"featured_media":0,"parent":0,"menu_order":0,"comment_status":"closed","ping_status":"closed","template":"","meta":{"footnotes":""},"class_list":["post-18029","page","type-page","status-publish","hentry"],"_links":{"self":[{"href":"https:\/\/naturaltea.at\/tr\/wp-json\/wp\/v2\/pages\/18029","targetHints":{"allow":["GET"]}}],"collection":[{"href":"https:\/\/naturaltea.at\/tr\/wp-json\/wp\/v2\/pages"}],"about":[{"href":"https:\/\/naturaltea.at\/tr\/wp-json\/wp\/v2\/types\/page"}],"author":[{"embeddable":true,"href":"https:\/\/naturaltea.at\/tr\/wp-json\/wp\/v2\/users\/1"}],"replies":[{"embeddable":true,"href":"https:\/\/naturaltea.at\/tr\/wp-json\/wp\/v2\/comments?post=18029"}],"version-history":[{"count":4,"href":"https:\/\/naturaltea.at\/tr\/wp-json\/wp\/v2\/pages\/18029\/revisions"}],"predecessor-version":[{"id":18035,"href":"https:\/\/naturaltea.at\/tr\/wp-json\/wp\/v2\/pages\/18029\/revisions\/18035"}],"wp:attachment":[{"href":"https:\/\/naturaltea.at\/tr\/wp-json\/wp\/v2\/media?parent=18029"}],"curies":[{"name":"wp","href":"https:\/\/api.w.org\/{rel}","templated":true}]}}