{"id":18025,"date":"2025-09-09T17:08:26","date_gmt":"2025-09-09T17:08:26","guid":{"rendered":"https:\/\/naturaltea.at\/tr\/?page_id=18025"},"modified":"2025-09-09T17:08:43","modified_gmt":"2025-09-09T17:08:43","slug":"kunye","status":"publish","type":"page","link":"https:\/\/naturaltea.at\/tr\/kunye\/","title":{"rendered":"K\u00fcnye"},"content":{"rendered":"\t\t<div data-elementor-type=\"wp-page\" data-elementor-id=\"18025\" class=\"elementor elementor-18025\">\n\t\t\t\t<div class=\"elementor-element elementor-element-213de55 e-flex e-con-boxed e-con e-parent \" data-id=\"213de55\" data-element_type=\"container\" data-e-type=\"container\">\t\t\t<div class=\"e-con-inner\">\r\n\t\t\t\t<div class=\"elementor-element elementor-element-80ff681 elementor-widget elementor-widget-text-editor\" data-id=\"80ff681\" data-element_type=\"widget\" data-e-type=\"widget\" data-widget_type=\"text-editor.default\">\n\t\t\t\t\t\t\t\t\t<p><strong>K\u00fcnye<\/strong><\/p><p><strong>Ad\u0131:<\/strong><br \/>\u00d6zer Barbaros<\/p><p><strong>Ticari \u0130zin Konumu \/ Tam Co\u011frafi Adres:<\/strong><br \/>Eisengasse 65<br \/>6850 Dornbirn<br \/>Vorarlberg<br \/>AT<\/p><p><strong>\u0130\u015f Konusu:<\/strong><br \/>Ticaret<\/p><p><strong>\u0130leti\u015fim Bilgileri (Tel., E-posta):<\/strong><br \/>Telefon: &#8211;<br \/>E-posta: <a href=\"mailto:info@naturaltea.at\">info@naturaltea.at<\/a><\/p><p><strong>KDV Numaras\u0131:<\/strong><br \/>KDV No.: &#8211;<\/p><p><strong>Ticaret Odas\u0131 \u00dcyelikleri:<\/strong><br \/>Avusturya Ticaret Odas\u0131 (WK\u00d6) \u00dcyesi<\/p><p><strong>Ge\u00e7erli Yasal H\u00fck\u00fcmler ve Bunlara Eri\u015fim:<\/strong><br \/>Meslek Hukuku: Ticaret D\u00fczenlemesi \u2013 <a href=\"http:\/\/www.ris.bka.gv.at\" target=\"_blank\" rel=\"noopener\">www.ris.bka.gv.at<\/a> adresinden eri\u015filebilir<\/p><p><strong>Denetleme Kurumu \/ Ticaret Kurumu:<\/strong><br \/>&#8211;<\/p><p><strong>\u00c7evrimi\u00e7i Anla\u015fmazl\u0131k \u00c7\u00f6z\u00fcm\u00fc Bilgileri:<\/strong><br \/>T\u00fcketiciler, \u015fikayetlerini AB&#8217;nin \u00e7evrimi\u00e7i anla\u015fmazl\u0131k \u00e7\u00f6z\u00fcm platformuna iletebilirler:<br \/><a href=\"http:\/\/ec.europa.eu\/odr\" target=\"_blank\" rel=\"noopener\">http:\/\/ec.europa.eu\/odr<\/a><br \/>\u015eikayetlerinizi yukar\u0131da belirtilen e-posta adresine de y\u00f6nlendirebilirsiniz.<\/p>\t\t\t\t\t\t\t\t<\/div>\n\t\t\t\t\t<\/div>\r\n\t\t\t\t<\/div>\r\n\t\t\t\t<\/div>\n\t\t","protected":false},"excerpt":{"rendered":"<p>K\u00fcnye Ad\u0131:\u00d6zer Barbaros Ticari \u0130zin Konumu \/ Tam Co\u011frafi Adres:Eisengasse 656850 DornbirnVorarlbergAT \u0130\u015f Konusu:Ticaret \u0130leti\u015fim Bilgileri (Tel., E-posta):Telefon: &#8211;E-posta: info@naturaltea.at KDV Numaras\u0131:KDV No.: &#8211; Ticaret Odas\u0131 \u00dcyelikleri:Avusturya Ticaret Odas\u0131 (WK\u00d6) \u00dcyesi Ge\u00e7erli Yasal H\u00fck\u00fcmler ve Bunlara Eri\u015fim:Meslek Hukuku: Ticaret D\u00fczenlemesi \u2013 www.ris.bka.gv.at adresinden eri\u015filebilir Denetleme Kurumu \/ Ticaret Kurumu:&#8211; \u00c7evrimi\u00e7i Anla\u015fmazl\u0131k \u00c7\u00f6z\u00fcm\u00fc Bilgileri:T\u00fcketiciler, \u015fikayetlerini AB&#8217;nin [&hellip;]<\/p>\n","protected":false},"author":1,"featured_media":0,"parent":0,"menu_order":0,"comment_status":"closed","ping_status":"closed","template":"","meta":{"footnotes":""},"class_list":["post-18025","page","type-page","status-publish","hentry"],"_links":{"self":[{"href":"https:\/\/naturaltea.at\/tr\/wp-json\/wp\/v2\/pages\/18025","targetHints":{"allow":["GET"]}}],"collection":[{"href":"https:\/\/naturaltea.at\/tr\/wp-json\/wp\/v2\/pages"}],"about":[{"href":"https:\/\/naturaltea.at\/tr\/wp-json\/wp\/v2\/types\/page"}],"author":[{"embeddable":true,"href":"https:\/\/naturaltea.at\/tr\/wp-json\/wp\/v2\/users\/1"}],"replies":[{"embeddable":true,"href":"https:\/\/naturaltea.at\/tr\/wp-json\/wp\/v2\/comments?post=18025"}],"version-history":[{"count":3,"href":"https:\/\/naturaltea.at\/tr\/wp-json\/wp\/v2\/pages\/18025\/revisions"}],"predecessor-version":[{"id":18028,"href":"https:\/\/naturaltea.at\/tr\/wp-json\/wp\/v2\/pages\/18025\/revisions\/18028"}],"wp:attachment":[{"href":"https:\/\/naturaltea.at\/tr\/wp-json\/wp\/v2\/media?parent=18025"}],"curies":[{"name":"wp","href":"https:\/\/api.w.org\/{rel}","templated":true}]}}