{"id":17521,"date":"2025-08-13T21:19:44","date_gmt":"2025-08-13T21:19:44","guid":{"rendered":"https:\/\/naturaltea.at\/?page_id=17521"},"modified":"2025-08-28T20:22:18","modified_gmt":"2025-08-28T20:22:18","slug":"karabas-otu-ada-cayi","status":"publish","type":"page","link":"https:\/\/naturaltea.at\/tr\/karabas-otu-ada-cayi\/","title":{"rendered":"Karaba\u015f Otu Ada \u00c7ay\u0131"},"content":{"rendered":"\t\t<div data-elementor-type=\"wp-page\" data-elementor-id=\"17521\" class=\"elementor elementor-17521\">\n\t\t\t\t<div class=\"elementor-element elementor-element-51c914db e-grid e-con-boxed e-con e-parent \" data-id=\"51c914db\" data-element_type=\"container\" data-e-type=\"container\">\t\t\t<div class=\"e-con-inner\">\r\n\t\t\t\t<div class=\"elementor-element elementor-element-584c5aba elementor-widget-laptop__width-initial elementor-widget__width-initial elementor-widget elementor-widget-text-editor\" data-id=\"584c5aba\" data-element_type=\"widget\" data-e-type=\"widget\" data-widget_type=\"text-editor.default\">\n\t\t\t\t\t\t\t\t\t<h3>Kaz Da\u011flar\u0131&#8217;n\u0131n Aromatik Hazinesi: Karaba\u015f Otu \u00c7ay\u0131<\/h3>\n\n<p>Ege&#8217;nin g\u00fcne\u015fe doymu\u015f yama\u00e7lar\u0131ndan gelen bir ferahl\u0131\u011f\u0131 deneyimleyin. Kaz Da\u011flar\u0131&#8217;nda yabani olarak yeti\u015fen Karaba\u015f Otu (<strong>Lavandula Stoechas<\/strong>), aromatik zenginli\u011fi ve nadide do\u011fas\u0131yla fincan\u0131n\u0131za e\u015fsiz bir lezzet kat\u0131yor.<\/p>\n\n<h4>Neden Bizim Karaba\u015f Otumuz?<\/h4>\n\n<ul>\n    <li><strong>E\u015fsiz K\u00f6ken:<\/strong> Karaba\u015f otumuz, Kaz Da\u011flar\u0131&#8217;n\u0131n 300-400 metre y\u00fckseklikteki yama\u00e7lar\u0131nda yabani olarak b\u00fcy\u00fcr. Hasad\u0131, bitkilerin tam \u00e7i\u00e7eklendi\u011fi Nisan ve May\u0131s aylar\u0131nda yap\u0131l\u0131r.<\/li>\n    <li><strong>K\u00f6kl\u00fc Gelenek:<\/strong> Y\u00fczy\u0131llard\u0131r \u00e7e\u015fitli k\u00fclt\u00fcrlerde de\u011fer g\u00f6ren karaba\u015f otu, \u00f6zellikle aromatik haz\u0131rl\u0131klardaki rol\u00fcyle bilinir. Geleneksel olarak rahatlama anlar\u0131nda kullan\u0131l\u0131r ve eski metinlerde do\u011fayla i\u00e7 i\u00e7e ya\u015fayan hanelerin vazge\u00e7ilmezi olarak an\u0131l\u0131r.<\/li>\n<\/ul>\n\t\t\t\t\t\t\t\t<\/div>\n\t\t\t\t<div class=\"elementor-element elementor-element-9ed1a35 elementor-widget__width-initial elementor-widget-laptop__width-initial elementor-widget elementor-widget-image\" data-id=\"9ed1a35\" data-element_type=\"widget\" data-e-type=\"widget\" data-widget_type=\"image.default\">\n\t\t\t\t\t\t\t\t\t\t\t\t\t\t\t<img fetchpriority=\"high\" decoding=\"async\" width=\"1080\" height=\"1080\" src=\"https:\/\/naturaltea.at\/tr\/wp-content\/uploads\/sites\/6\/2025\/08\/karabas-bitki.jpg\" class=\"attachment-full size-full wp-image-17713\" alt=\"\" srcset=\"https:\/\/naturaltea.at\/tr\/wp-content\/uploads\/sites\/6\/2025\/08\/karabas-bitki.jpg 1080w, https:\/\/naturaltea.at\/tr\/wp-content\/uploads\/sites\/6\/2025\/08\/karabas-bitki-300x300.jpg 300w, https:\/\/naturaltea.at\/tr\/wp-content\/uploads\/sites\/6\/2025\/08\/karabas-bitki-1024x1024.jpg 1024w, https:\/\/naturaltea.at\/tr\/wp-content\/uploads\/sites\/6\/2025\/08\/karabas-bitki-150x150.jpg 150w, https:\/\/naturaltea.at\/tr\/wp-content\/uploads\/sites\/6\/2025\/08\/karabas-bitki-768x768.jpg 768w, https:\/\/naturaltea.at\/tr\/wp-content\/uploads\/sites\/6\/2025\/08\/karabas-bitki-710x710.jpg 710w, https:\/\/naturaltea.at\/tr\/wp-content\/uploads\/sites\/6\/2025\/08\/karabas-bitki-100x100.jpg 100w\" sizes=\"(max-width: 1080px) 100vw, 1080px\" \/>\t\t\t\t\t\t\t\t\t\t\t\t\t\t\t<\/div>\n\t\t\t\t\t<\/div>\r\n\t\t\t\t<\/div>\r\n\t\t<div class=\"elementor-element elementor-element-436b0f67 e-flex e-con-boxed e-con e-parent \" data-id=\"436b0f67\" data-element_type=\"container\" data-e-type=\"container\">\t\t\t<div class=\"e-con-inner\">\r\n\t\t\t\t<div class=\"elementor-element elementor-element-146d2978 elementor-widget elementor-widget-text-editor\" data-id=\"146d2978\" data-element_type=\"widget\" data-e-type=\"widget\" data-widget_type=\"text-editor.default\">\n\t\t\t\t\t\t\t\t\t<h4>Safl\u0131k Garantisi: Titizlikle Kontrol Edilen Hasat<\/h4>\n\n<p>Size en saf \u00fcr\u00fcn\u00fc sundu\u011fumuzdan emin olmak i\u00e7in, hasat \u00f6ncesinde resmi kurumlar taraf\u0131ndan toplama alan\u0131 denetlenir.<\/p>\n<p>Bu denetimler \u015funlar\u0131 i\u00e7erir:<\/p>\n<ul>\n    <li>Yak\u0131nlarda tar\u0131m arazisi bulunmamas\u0131.<\/li>\n    <li>Havadan veya topraktan pestisit p\u00fcsk\u00fcrt\u00fclmemi\u015f olmas\u0131.<\/li>\n    <li>Son \u00fc\u00e7 y\u0131l i\u00e7inde yang\u0131n ge\u00e7irmemi\u015f olmas\u0131.<\/li>\n    <li>Koruma alt\u0131nda bir ekosistem olmas\u0131.<\/li>\n<\/ul>\n<p>Ayr\u0131ca, hasattan \u00f6nce organik sertifikasyon kurulu\u015flar\u0131 taraf\u0131ndan kal\u0131nt\u0131 testi yap\u0131l\u0131r. Hasat, yaln\u0131zca bu onaylardan sonra ba\u015flar.<\/p>\n\n<h4>M\u00fckemmel Demleme \u00d6nerisi<\/h4>\n\n<p>Bu e\u015fsiz lezzetin tad\u0131n\u0131 en iyi \u015fekilde \u00e7\u0131karmak i\u00e7in:<\/p>\n<ul>\n    <li><strong>Miktar:<\/strong> Bir fincan i\u00e7in bir porsiyon kullan\u0131n.<\/li>\n    <li><strong>Su S\u0131cakl\u0131\u011f\u0131:<\/strong> 250 ml, yakla\u015f\u0131k 95\u00b0C s\u0131cakl\u0131ktaki suyu tercih edin.<\/li>\n    <li><strong>Demleme S\u00fcresi:<\/strong> Damak zevkinize g\u00f6re 5 ila 10 dakika aras\u0131 demlemeye b\u0131rak\u0131n.<\/li>\n<\/ul>\n<p><strong>Tavsiye:<\/strong> Rahatlama anlar\u0131 i\u00e7in idealdir. Sade olarak veya bir par\u00e7a bal ilavesiyle keyfini \u00e7\u0131karabilirsiniz.<\/p>\n\n<p><strong>Do\u011fal. S\u00fcrd\u00fcr\u00fclebilir. Ayr\u0131cal\u0131kl\u0131.<\/strong><br>\n\u00c7i\u00e7eklerimiz, kat\u0131ks\u0131z ve saf bir keyif i\u00e7in yabani olarak hasat edilir.<\/p>\t\t\t\t\t\t\t\t<\/div>\n\t\t\t\t\t<\/div>\r\n\t\t\t\t<\/div>\r\n\t\t\t\t<\/div>\n\t\t","protected":false},"excerpt":{"rendered":"<p>Kaz Da\u011flar\u0131&#8217;n\u0131n Aromatik Hazinesi: Karaba\u015f Otu \u00c7ay\u0131 Ege&#8217;nin g\u00fcne\u015fe doymu\u015f yama\u00e7lar\u0131ndan gelen bir ferahl\u0131\u011f\u0131 deneyimleyin. Kaz Da\u011flar\u0131&#8217;nda yabani olarak yeti\u015fen Karaba\u015f Otu (Lavandula Stoechas), aromatik zenginli\u011fi ve nadide do\u011fas\u0131yla fincan\u0131n\u0131za e\u015fsiz bir lezzet kat\u0131yor. Neden Bizim Karaba\u015f Otumuz? E\u015fsiz K\u00f6ken: Karaba\u015f otumuz, Kaz Da\u011flar\u0131&#8217;n\u0131n 300-400 metre y\u00fckseklikteki yama\u00e7lar\u0131nda yabani olarak b\u00fcy\u00fcr. Hasad\u0131, bitkilerin tam \u00e7i\u00e7eklendi\u011fi [&hellip;]<\/p>\n","protected":false},"author":1,"featured_media":0,"parent":0,"menu_order":0,"comment_status":"closed","ping_status":"closed","template":"","meta":{"footnotes":""},"class_list":["post-17521","page","type-page","status-publish","hentry"],"_links":{"self":[{"href":"https:\/\/naturaltea.at\/tr\/wp-json\/wp\/v2\/pages\/17521","targetHints":{"allow":["GET"]}}],"collection":[{"href":"https:\/\/naturaltea.at\/tr\/wp-json\/wp\/v2\/pages"}],"about":[{"href":"https:\/\/naturaltea.at\/tr\/wp-json\/wp\/v2\/types\/page"}],"author":[{"embeddable":true,"href":"https:\/\/naturaltea.at\/tr\/wp-json\/wp\/v2\/users\/1"}],"replies":[{"embeddable":true,"href":"https:\/\/naturaltea.at\/tr\/wp-json\/wp\/v2\/comments?post=17521"}],"version-history":[{"count":7,"href":"https:\/\/naturaltea.at\/tr\/wp-json\/wp\/v2\/pages\/17521\/revisions"}],"predecessor-version":[{"id":17939,"href":"https:\/\/naturaltea.at\/tr\/wp-json\/wp\/v2\/pages\/17521\/revisions\/17939"}],"wp:attachment":[{"href":"https:\/\/naturaltea.at\/tr\/wp-json\/wp\/v2\/media?parent=17521"}],"curies":[{"name":"wp","href":"https:\/\/api.w.org\/{rel}","templated":true}]}}