{"id":17519,"date":"2025-08-13T21:19:31","date_gmt":"2025-08-13T21:19:31","guid":{"rendered":"https:\/\/naturaltea.at\/?page_id=17519"},"modified":"2025-08-28T20:12:41","modified_gmt":"2025-08-28T20:12:41","slug":"yayla-ada-cayi","status":"publish","type":"page","link":"https:\/\/naturaltea.at\/tr\/yayla-ada-cayi\/","title":{"rendered":"Yayla Ada \u00c7ay\u0131"},"content":{"rendered":"\t\t<div data-elementor-type=\"wp-page\" data-elementor-id=\"17519\" class=\"elementor elementor-17519\">\n\t\t\t\t<div class=\"elementor-element elementor-element-633119e3 e-grid e-con-boxed e-con e-parent \" data-id=\"633119e3\" data-element_type=\"container\" data-e-type=\"container\">\t\t\t<div class=\"e-con-inner\">\r\n\t\t\t\t<div class=\"elementor-element elementor-element-21429bfe elementor-widget-laptop__width-initial elementor-widget__width-initial elementor-widget elementor-widget-text-editor\" data-id=\"21429bfe\" data-element_type=\"widget\" data-e-type=\"widget\" data-widget_type=\"text-editor.default\">\n\t\t\t\t\t\t\t\t\t<h3>Toros Da\u011flar\u0131&#8217;n\u0131n Kadim Hazinesi: Olimpos Da\u011f \u00c7ay\u0131<\/h3>\n\n<p>G\u00fcne\u015fin c\u00f6mert\u00e7e dokundu\u011fu g\u00fcney Toros Da\u011flar\u0131&#8217;n\u0131n yama\u00e7lar\u0131ndan toplanan Olimpos Da\u011f \u00c7ay\u0131 (<strong>Sideritis Congesta<\/strong>) ile antik bir gelene\u011fi ke\u015ffedin. Bu nadide hazine, yabani hasat y\u00f6ntemiyle en saf haliyle fincan\u0131n\u0131za ula\u015f\u0131yor.<\/p>\n\n<h4>Neden Bizim Da\u011f \u00c7ay\u0131m\u0131z?<\/h4>\n\n<ul>\n    <li><strong>E\u015fsiz K\u00f6ken:<\/strong> Da\u011f \u00e7ay\u0131m\u0131z, g\u00fcney Toros Da\u011flar\u0131&#8217;n\u0131n 300-400 metre y\u00fckseklikteki yama\u00e7lar\u0131nda yabani olarak yeti\u015fir. Hasad\u0131, Temmuz ve A\u011fustos aylar\u0131 aras\u0131nda merkezi Toros b\u00f6lgesinde yap\u0131l\u0131r.<\/li>\n    <li><strong>Tarihsel Derinlik:<\/strong> Sideritis, antik \u00e7a\u011flardan beri de\u011fer g\u00f6rmektedir. M\u0131s\u0131rl\u0131lar ve Romal\u0131lar gibi eski medeniyetler bu bitkiyi sadece demleme olarak de\u011fil, ayn\u0131 zamanda koku kar\u0131\u015f\u0131mlar\u0131nda ve mutfakta da kullanm\u0131\u015flard\u0131r. 16. y\u00fczy\u0131l Fransa&#8217;s\u0131nda &#8220;her derde deva&#8221; olarak bilinirdi.<\/li>\n<\/ul>\t\t\t\t\t\t\t\t<\/div>\n\t\t\t\t<div class=\"elementor-element elementor-element-303a0ecc elementor-widget__width-initial elementor-widget-laptop__width-initial elementor-widget elementor-widget-image\" data-id=\"303a0ecc\" data-element_type=\"widget\" data-e-type=\"widget\" data-widget_type=\"image.default\">\n\t\t\t\t\t\t\t\t\t\t\t\t\t\t\t<img fetchpriority=\"high\" decoding=\"async\" width=\"1080\" height=\"1080\" src=\"https:\/\/naturaltea.at\/tr\/wp-content\/uploads\/sites\/6\/2025\/08\/olimpos-bitki.jpg\" class=\"attachment-full size-full wp-image-17707\" alt=\"\" srcset=\"https:\/\/naturaltea.at\/tr\/wp-content\/uploads\/sites\/6\/2025\/08\/olimpos-bitki.jpg 1080w, https:\/\/naturaltea.at\/tr\/wp-content\/uploads\/sites\/6\/2025\/08\/olimpos-bitki-300x300.jpg 300w, https:\/\/naturaltea.at\/tr\/wp-content\/uploads\/sites\/6\/2025\/08\/olimpos-bitki-1024x1024.jpg 1024w, https:\/\/naturaltea.at\/tr\/wp-content\/uploads\/sites\/6\/2025\/08\/olimpos-bitki-150x150.jpg 150w, https:\/\/naturaltea.at\/tr\/wp-content\/uploads\/sites\/6\/2025\/08\/olimpos-bitki-768x768.jpg 768w, https:\/\/naturaltea.at\/tr\/wp-content\/uploads\/sites\/6\/2025\/08\/olimpos-bitki-710x710.jpg 710w, https:\/\/naturaltea.at\/tr\/wp-content\/uploads\/sites\/6\/2025\/08\/olimpos-bitki-100x100.jpg 100w\" sizes=\"(max-width: 1080px) 100vw, 1080px\" \/>\t\t\t\t\t\t\t\t\t\t\t\t\t\t\t<\/div>\n\t\t\t\t\t<\/div>\r\n\t\t\t\t<\/div>\r\n\t\t<div class=\"elementor-element elementor-element-2bae6c1c e-flex e-con-boxed e-con e-parent \" data-id=\"2bae6c1c\" data-element_type=\"container\" data-e-type=\"container\">\t\t\t<div class=\"e-con-inner\">\r\n\t\t\t\t<div class=\"elementor-element elementor-element-758ddc5c elementor-widget elementor-widget-text-editor\" data-id=\"758ddc5c\" data-element_type=\"widget\" data-e-type=\"widget\" data-widget_type=\"text-editor.default\">\n\t\t\t\t\t\t\t\t\t<h4>Safl\u0131k Garantisi: Titizlikle Kontrol Edilen Hasat<\/h4>\n\n<p>Toplama i\u015flemi ba\u015flamadan \u00f6nce, resmi kurumlar b\u00f6lgenin hasat i\u00e7in uygun oldu\u011fundan emin olmak ad\u0131na denetim yapar.<\/p>\n<p>Bu denetimler \u015funlar\u0131 i\u00e7erir:<\/p>\n<ul>\n    <li>Yak\u0131nlarda tar\u0131m arazisi bulunmamas\u0131.<\/li>\n    <li>Havadan veya topraktan pestisit p\u00fcsk\u00fcrt\u00fclmemi\u015f olmas\u0131.<\/li>\n    <li>Son \u00fc\u00e7 y\u0131l i\u00e7inde yang\u0131n ge\u00e7irmemi\u015f olmas\u0131.<\/li>\n    <li>Koruma alt\u0131nda bir ekosistem olmas\u0131.<\/li>\n<\/ul>\n<p>Ayr\u0131ca, hasattan \u00f6nce organik sertifikasyon kurulu\u015flar\u0131 taraf\u0131ndan kal\u0131nt\u0131 testi yap\u0131l\u0131r. Hasat, yaln\u0131zca t\u00fcm bu kontrollerden ge\u00e7tikten sonra ba\u015flar.<\/p>\n\n<h4>M\u00fckemmel Demleme \u00d6nerisi<\/h4>\n\n<p>Bu e\u015fsiz lezzetin tad\u0131n\u0131 en iyi \u015fekilde \u00e7\u0131karmak i\u00e7in:<\/p>\n<ul>\n    <li><strong>Miktar:<\/strong> Bir fincan i\u00e7in bir porsiyon kullan\u0131n.<\/li>\n    <li><strong>Su S\u0131cakl\u0131\u011f\u0131:<\/strong> 250 ml, yakla\u015f\u0131k 95\u00b0C s\u0131cakl\u0131ktaki suyu tercih edin.<\/li>\n    <li><strong>Demleme S\u00fcresi:<\/strong> Damak zevkinize g\u00f6re 5 ila 10 dakika aras\u0131 demlemeye b\u0131rak\u0131n.<\/li>\n<\/ul>\n<p><strong>Tavsiye:<\/strong> Sade olarak veya bir par\u00e7a bal ilavesiyle lezzetini zenginle\u015ftirerek tad\u0131n\u0131 \u00e7\u0131karabilirsiniz.<\/p>\n\n<p><strong>Do\u011fal. S\u00fcrd\u00fcr\u00fclebilir. Ayr\u0131cal\u0131kl\u0131.<\/strong><br>\n\u00c7i\u00e7eklerimiz, kat\u0131ks\u0131z ve saf bir keyif i\u00e7in yabani olarak hasat edilir.<\/p>\t\t\t\t\t\t\t\t<\/div>\n\t\t\t\t\t<\/div>\r\n\t\t\t\t<\/div>\r\n\t\t\t\t<\/div>\n\t\t","protected":false},"excerpt":{"rendered":"<p>Toros Da\u011flar\u0131&#8217;n\u0131n Kadim Hazinesi: Olimpos Da\u011f \u00c7ay\u0131 G\u00fcne\u015fin c\u00f6mert\u00e7e dokundu\u011fu g\u00fcney Toros Da\u011flar\u0131&#8217;n\u0131n yama\u00e7lar\u0131ndan toplanan Olimpos Da\u011f \u00c7ay\u0131 (Sideritis Congesta) ile antik bir gelene\u011fi ke\u015ffedin. Bu nadide hazine, yabani hasat y\u00f6ntemiyle en saf haliyle fincan\u0131n\u0131za ula\u015f\u0131yor. Neden Bizim Da\u011f \u00c7ay\u0131m\u0131z? E\u015fsiz K\u00f6ken: Da\u011f \u00e7ay\u0131m\u0131z, g\u00fcney Toros Da\u011flar\u0131&#8217;n\u0131n 300-400 metre y\u00fckseklikteki yama\u00e7lar\u0131nda yabani olarak yeti\u015fir. Hasad\u0131, [&hellip;]<\/p>\n","protected":false},"author":1,"featured_media":0,"parent":0,"menu_order":0,"comment_status":"closed","ping_status":"closed","template":"","meta":{"footnotes":""},"class_list":["post-17519","page","type-page","status-publish","hentry"],"_links":{"self":[{"href":"https:\/\/naturaltea.at\/tr\/wp-json\/wp\/v2\/pages\/17519","targetHints":{"allow":["GET"]}}],"collection":[{"href":"https:\/\/naturaltea.at\/tr\/wp-json\/wp\/v2\/pages"}],"about":[{"href":"https:\/\/naturaltea.at\/tr\/wp-json\/wp\/v2\/types\/page"}],"author":[{"embeddable":true,"href":"https:\/\/naturaltea.at\/tr\/wp-json\/wp\/v2\/users\/1"}],"replies":[{"embeddable":true,"href":"https:\/\/naturaltea.at\/tr\/wp-json\/wp\/v2\/comments?post=17519"}],"version-history":[{"count":5,"href":"https:\/\/naturaltea.at\/tr\/wp-json\/wp\/v2\/pages\/17519\/revisions"}],"predecessor-version":[{"id":17930,"href":"https:\/\/naturaltea.at\/tr\/wp-json\/wp\/v2\/pages\/17519\/revisions\/17930"}],"wp:attachment":[{"href":"https:\/\/naturaltea.at\/tr\/wp-json\/wp\/v2\/media?parent=17519"}],"curies":[{"name":"wp","href":"https:\/\/api.w.org\/{rel}","templated":true}]}}