{"id":17517,"date":"2025-08-13T21:19:11","date_gmt":"2025-08-13T21:19:11","guid":{"rendered":"https:\/\/naturaltea.at\/?page_id=17517"},"modified":"2025-08-28T20:21:38","modified_gmt":"2025-08-28T20:21:38","slug":"deli-kekik","status":"publish","type":"page","link":"https:\/\/naturaltea.at\/tr\/deli-kekik\/","title":{"rendered":"Deli Kekik"},"content":{"rendered":"\t\t<div data-elementor-type=\"wp-page\" data-elementor-id=\"17517\" class=\"elementor elementor-17517\">\n\t\t\t\t<div class=\"elementor-element elementor-element-791e8bcd e-grid e-con-boxed e-con e-parent \" data-id=\"791e8bcd\" data-element_type=\"container\" data-e-type=\"container\">\t\t\t<div class=\"e-con-inner\">\r\n\t\t\t\t<div class=\"elementor-element elementor-element-e4c49d7 elementor-widget-laptop__width-initial elementor-widget__width-initial elementor-widget elementor-widget-text-editor\" data-id=\"e4c49d7\" data-element_type=\"widget\" data-e-type=\"widget\" data-widget_type=\"text-editor.default\">\n\t\t\t\t\t\t\t\t\t<h3>Ulus Da\u011flar\u0131&#8217;n\u0131n Yabani Ruhu: Deli Kekik \u00c7ay\u0131<\/h3>\n\n<p>Marmara B\u00f6lgesi&#8217;nin el de\u011fmemi\u015f Ulus Da\u011flar\u0131&#8217;nda kendili\u011finden yeti\u015fen Deli Kekik (<strong>Thymbra spicata<\/strong>) ile do\u011fan\u0131n saf g\u00fcc\u00fcn\u00fc fincan\u0131n\u0131zda hissedin. Bu \u00f6zel kekik, hi\u00e7bir tar\u0131msal i\u015flem g\u00f6rmeden, do\u011fadan fincan\u0131n\u0131za uzanan en kat\u0131ks\u0131z haliyle sizlere sunulmaktad\u0131r.<\/p>\n\n<h4>Neden Bizim Deli Keki\u011fimiz?<\/h4>\n<ul>\n    <li><strong>E\u015fsiz K\u00f6ken:<\/strong> Marmara B\u00f6lgesi&#8217;ndeki Ulus Da\u011flar\u0131&#8217;nda, tamamen yabani olarak yeti\u015fir. Hasad\u0131, aromas\u0131n\u0131n en yo\u011fun oldu\u011fu May\u0131s ve Haziran aylar\u0131 aras\u0131nda yap\u0131l\u0131r.<\/li>\n    <li><strong>Do\u011fadan Fincana:<\/strong> Hasat edilen \u00fcr\u00fcnler, Bal\u0131kesir&#8217;deki merkezimize getirilerek do\u011fal kurutma y\u00f6ntemleriyle kurutma \u0131zgaralar\u0131na serilir. Kuruma sonras\u0131 el de\u011fmeden paketlenir ve arada ba\u015fka hi\u00e7bir i\u015flem olmadan do\u011frudan size ula\u015f\u0131r.<\/li>\n<\/ul>\n\t\t\t\t\t\t\t\t<\/div>\n\t\t\t\t<div class=\"elementor-element elementor-element-11d019b4 elementor-widget__width-initial elementor-widget-laptop__width-initial elementor-widget elementor-widget-image\" data-id=\"11d019b4\" data-element_type=\"widget\" data-e-type=\"widget\" data-widget_type=\"image.default\">\n\t\t\t\t\t\t\t\t\t\t\t\t\t\t\t<img fetchpriority=\"high\" decoding=\"async\" width=\"1080\" height=\"1080\" src=\"https:\/\/naturaltea.at\/tr\/wp-content\/uploads\/sites\/6\/2025\/08\/zahter-bitki.jpg\" class=\"attachment-full size-full wp-image-17701\" alt=\"\" srcset=\"https:\/\/naturaltea.at\/tr\/wp-content\/uploads\/sites\/6\/2025\/08\/zahter-bitki.jpg 1080w, https:\/\/naturaltea.at\/tr\/wp-content\/uploads\/sites\/6\/2025\/08\/zahter-bitki-300x300.jpg 300w, https:\/\/naturaltea.at\/tr\/wp-content\/uploads\/sites\/6\/2025\/08\/zahter-bitki-1024x1024.jpg 1024w, https:\/\/naturaltea.at\/tr\/wp-content\/uploads\/sites\/6\/2025\/08\/zahter-bitki-150x150.jpg 150w, https:\/\/naturaltea.at\/tr\/wp-content\/uploads\/sites\/6\/2025\/08\/zahter-bitki-768x768.jpg 768w, https:\/\/naturaltea.at\/tr\/wp-content\/uploads\/sites\/6\/2025\/08\/zahter-bitki-710x710.jpg 710w, https:\/\/naturaltea.at\/tr\/wp-content\/uploads\/sites\/6\/2025\/08\/zahter-bitki-100x100.jpg 100w\" sizes=\"(max-width: 1080px) 100vw, 1080px\" \/>\t\t\t\t\t\t\t\t\t\t\t\t\t\t\t<\/div>\n\t\t\t\t\t<\/div>\r\n\t\t\t\t<\/div>\r\n\t\t<div class=\"elementor-element elementor-element-366c5e27 e-flex e-con-boxed e-con e-parent \" data-id=\"366c5e27\" data-element_type=\"container\" data-e-type=\"container\">\t\t\t<div class=\"e-con-inner\">\r\n\t\t\t\t<div class=\"elementor-element elementor-element-730cedfa elementor-widget elementor-widget-text-editor\" data-id=\"730cedfa\" data-element_type=\"widget\" data-e-type=\"widget\" data-widget_type=\"text-editor.default\">\n\t\t\t\t\t\t\t\t\t<h4>Safl\u0131k Garantisi: Titizlikle Kontrol Edilen Hasat<\/h4>\n<p>Size en saf \u00fcr\u00fcn\u00fc sundu\u011fumuzdan emin olmak i\u00e7in, hasat d\u00f6nemi \u00f6ncesinde devlet taraf\u0131ndan alan\u0131n hasata uygunlu\u011fu detayl\u0131ca denetlenir.<\/p>\n<p>Bu denetimler a\u015fa\u011f\u0131daki kriterleri i\u00e7erir:<\/p>\n<ul>\n    <li>B\u00f6lgenin son 3 y\u0131lda yang\u0131n ge\u00e7irmemi\u015f olmas\u0131.<\/li>\n    <li>Toplama alan\u0131n\u0131n yak\u0131nlar\u0131nda tar\u0131m arazisi bulunmamas\u0131.<\/li>\n    <li>Ara\u00e7 yoluna belirli bir uzakl\u0131kta olmas\u0131.<\/li>\n    <li>Havadan ve karadan ila\u00e7lama yap\u0131lmam\u0131\u015f olmas\u0131.<\/li>\n    <li>Koruma alt\u0131ndaki bir ekosistem olmas\u0131.<\/li>\n<\/ul>\n<p>Ayr\u0131ca, toplama izni verildikten sonra organik sertifikasyon kurulu\u015flar\u0131 b\u00f6lgeden numuneler alarak pestisit kontrol\u00fc yapar ve hasat bu onaydan sonra ba\u015flar.<\/p>\n\n<h4>Geleneksel Faydalar\u0131<\/h4>\n<p>Deli Kekik \u00e7ay\u0131n\u0131n geleneksel kullan\u0131mlar\u0131nda bilinen baz\u0131 faydalar\u0131 \u015funlard\u0131r:<\/p>\n<ul>\n    <li>\u0130ltihab\u0131 gidermeye yard\u0131mc\u0131 olur.<\/li>\n    <li>Ba\u011f\u0131\u015f\u0131kl\u0131\u011f\u0131 g\u00fc\u00e7lendirir.<\/li>\n    <li>Sindirim ve mide problemlerine iyi gelir.<\/li>\n    <li>Mantar ve viral enfeksiyonlarla m\u00fccadele eder.<\/li>\n    <li>Adet ve romatizma a\u011fr\u0131lar\u0131n\u0131 hafifleten a\u011fr\u0131 kesici bir etkiye sahiptir.<\/li>\n    <li>Kolesterol ve kan bas\u0131nc\u0131n\u0131 d\u00fc\u015f\u00fcrmeye yard\u0131mc\u0131 olur.<\/li>\n    <li>Grip ve bademcik iltihab\u0131 semptomlar\u0131n\u0131 azalt\u0131r.<\/li>\n    <li>Balgam s\u00f6kt\u00fcr\u00fcc\u00fcd\u00fcr ve bo\u011faz a\u011fr\u0131s\u0131n\u0131 hafifletir.<\/li>\n    <li>\u00d6ks\u00fcr\u00fc\u011fe iyi gelir.<\/li>\n    <li>Uyumay\u0131 kolayla\u015ft\u0131r\u0131r.<\/li>\n<\/ul>\t\t\t\t\t\t\t\t<\/div>\n\t\t\t\t\t<\/div>\r\n\t\t\t\t<\/div>\r\n\t\t\t\t<\/div>\n\t\t","protected":false},"excerpt":{"rendered":"<p>Ulus Da\u011flar\u0131&#8217;n\u0131n Yabani Ruhu: Deli Kekik \u00c7ay\u0131 Marmara B\u00f6lgesi&#8217;nin el de\u011fmemi\u015f Ulus Da\u011flar\u0131&#8217;nda kendili\u011finden yeti\u015fen Deli Kekik (Thymbra spicata) ile do\u011fan\u0131n saf g\u00fcc\u00fcn\u00fc fincan\u0131n\u0131zda hissedin. Bu \u00f6zel kekik, hi\u00e7bir tar\u0131msal i\u015flem g\u00f6rmeden, do\u011fadan fincan\u0131n\u0131za uzanan en kat\u0131ks\u0131z haliyle sizlere sunulmaktad\u0131r. Neden Bizim Deli Keki\u011fimiz? E\u015fsiz K\u00f6ken: Marmara B\u00f6lgesi&#8217;ndeki Ulus Da\u011flar\u0131&#8217;nda, tamamen yabani olarak yeti\u015fir. Hasad\u0131, [&hellip;]<\/p>\n","protected":false},"author":1,"featured_media":0,"parent":0,"menu_order":0,"comment_status":"closed","ping_status":"closed","template":"","meta":{"footnotes":""},"class_list":["post-17517","page","type-page","status-publish","hentry"],"_links":{"self":[{"href":"https:\/\/naturaltea.at\/tr\/wp-json\/wp\/v2\/pages\/17517","targetHints":{"allow":["GET"]}}],"collection":[{"href":"https:\/\/naturaltea.at\/tr\/wp-json\/wp\/v2\/pages"}],"about":[{"href":"https:\/\/naturaltea.at\/tr\/wp-json\/wp\/v2\/types\/page"}],"author":[{"embeddable":true,"href":"https:\/\/naturaltea.at\/tr\/wp-json\/wp\/v2\/users\/1"}],"replies":[{"embeddable":true,"href":"https:\/\/naturaltea.at\/tr\/wp-json\/wp\/v2\/comments?post=17517"}],"version-history":[{"count":14,"href":"https:\/\/naturaltea.at\/tr\/wp-json\/wp\/v2\/pages\/17517\/revisions"}],"predecessor-version":[{"id":17938,"href":"https:\/\/naturaltea.at\/tr\/wp-json\/wp\/v2\/pages\/17517\/revisions\/17938"}],"wp:attachment":[{"href":"https:\/\/naturaltea.at\/tr\/wp-json\/wp\/v2\/media?parent=17517"}],"curies":[{"name":"wp","href":"https:\/\/api.w.org\/{rel}","templated":true}]}}