{"id":17515,"date":"2025-08-13T21:18:36","date_gmt":"2025-08-13T21:18:36","guid":{"rendered":"https:\/\/naturaltea.at\/?page_id=17515"},"modified":"2025-08-28T20:06:43","modified_gmt":"2025-08-28T20:06:43","slug":"papatya","status":"publish","type":"page","link":"https:\/\/naturaltea.at\/tr\/papatya\/","title":{"rendered":"Papatya"},"content":{"rendered":"\t\t<div data-elementor-type=\"wp-page\" data-elementor-id=\"17515\" class=\"elementor elementor-17515\">\n\t\t\t\t<div class=\"elementor-element elementor-element-53d85047 e-grid e-con-boxed e-con e-parent \" data-id=\"53d85047\" data-element_type=\"container\" data-e-type=\"container\">\t\t\t<div class=\"e-con-inner\">\r\n\t\t\t\t<div class=\"elementor-element elementor-element-2468de8f elementor-widget-laptop__width-initial elementor-widget__width-initial elementor-widget elementor-widget-text-editor\" data-id=\"2468de8f\" data-element_type=\"widget\" data-e-type=\"widget\" data-widget_type=\"text-editor.default\">\n\t\t\t\t\t\t\t\t\t<h3>Toros Da\u011flar\u0131&#8217;ndan Gelen Bahar Esintisi: Yabani Papatya \u00c7ay\u0131<\/h3>\n\n<p>Toros Da\u011flar\u0131&#8217;n\u0131n el de\u011fmemi\u015f g\u00fcney yama\u00e7lar\u0131ndan toplanan Bahar Papatyas\u0131 (<strong>Matricaria recutita<\/strong>) ile do\u011fan\u0131n sakinle\u015ftirici dokunu\u015funu fincan\u0131n\u0131za ta\u015f\u0131y\u0131n. Bu \u00f6zel papatya, yabani hasat y\u00f6ntemiyle size en saf ve kat\u0131ks\u0131z keyfi sunmak i\u00e7in burada.<\/p>\n\n<h4>Neden Bizim Papatyam\u0131z?<\/h4>\n\n<ul>\n    <li><strong>E\u015fsiz K\u00f6ken:<\/strong> Papatya \u00e7i\u00e7eklerimiz, Toros Da\u011flar\u0131&#8217;n\u0131n g\u00fcney yama\u00e7lar\u0131nda, 300 ila 400 metre y\u00fckseklikteki el de\u011fmemi\u015f b\u00f6lgelerde yeti\u015fir.<\/li>\n    <li><strong>Yabani ve Saf Hasat:<\/strong> Hasat, \u00e7i\u00e7eklerin tam a\u00e7t\u0131\u011f\u0131 bahar sonu d\u00f6neminde, \u00f6zenle yap\u0131l\u0131r.<\/li>\n    <li><strong>Geleneksel Kullan\u0131m:<\/strong> Sakinle\u015ftirici \u00f6zellikleriyle bilinen papatya \u00e7ay\u0131, \u00e7e\u015fitli k\u00fclt\u00fcrlerde sindirimi desteklemek ve genel esenli\u011fi art\u0131rmak i\u00e7in kullan\u0131lm\u0131\u015ft\u0131r. Genellikle rahatlama ve stres atma amac\u0131yla keyifle i\u00e7ilir.<\/li>\n<\/ul>\n\t\t\t\t\t\t\t\t<\/div>\n\t\t\t\t<div class=\"elementor-element elementor-element-12f27e40 elementor-widget__width-initial elementor-widget-laptop__width-initial elementor-widget elementor-widget-image\" data-id=\"12f27e40\" data-element_type=\"widget\" data-e-type=\"widget\" data-widget_type=\"image.default\">\n\t\t\t\t\t\t\t\t\t\t\t\t\t\t\t<img fetchpriority=\"high\" decoding=\"async\" width=\"1080\" height=\"1080\" src=\"https:\/\/naturaltea.at\/tr\/wp-content\/uploads\/sites\/6\/2025\/08\/papatya-bitki.jpg\" class=\"attachment-full size-full wp-image-17695\" alt=\"\" srcset=\"https:\/\/naturaltea.at\/tr\/wp-content\/uploads\/sites\/6\/2025\/08\/papatya-bitki.jpg 1080w, https:\/\/naturaltea.at\/tr\/wp-content\/uploads\/sites\/6\/2025\/08\/papatya-bitki-300x300.jpg 300w, https:\/\/naturaltea.at\/tr\/wp-content\/uploads\/sites\/6\/2025\/08\/papatya-bitki-1024x1024.jpg 1024w, https:\/\/naturaltea.at\/tr\/wp-content\/uploads\/sites\/6\/2025\/08\/papatya-bitki-150x150.jpg 150w, https:\/\/naturaltea.at\/tr\/wp-content\/uploads\/sites\/6\/2025\/08\/papatya-bitki-768x768.jpg 768w, https:\/\/naturaltea.at\/tr\/wp-content\/uploads\/sites\/6\/2025\/08\/papatya-bitki-710x710.jpg 710w, https:\/\/naturaltea.at\/tr\/wp-content\/uploads\/sites\/6\/2025\/08\/papatya-bitki-100x100.jpg 100w\" sizes=\"(max-width: 1080px) 100vw, 1080px\" \/>\t\t\t\t\t\t\t\t\t\t\t\t\t\t\t<\/div>\n\t\t\t\t\t<\/div>\r\n\t\t\t\t<\/div>\r\n\t\t<div class=\"elementor-element elementor-element-1daa22a6 e-flex e-con-boxed e-con e-parent \" data-id=\"1daa22a6\" data-element_type=\"container\" data-e-type=\"container\">\t\t\t<div class=\"e-con-inner\">\r\n\t\t\t\t<div class=\"elementor-element elementor-element-3bde3b4f elementor-widget elementor-widget-text-editor\" data-id=\"3bde3b4f\" data-element_type=\"widget\" data-e-type=\"widget\" data-widget_type=\"text-editor.default\">\n\t\t\t\t\t\t\t\t\t<h4>Safl\u0131k Garantisi: Titizlikle Kontrol Edilen Hasat<\/h4>\n\n<p>Toplama i\u015flemi ba\u015flamadan \u00f6nce, resmi kurumlar b\u00f6lgenin hasat i\u00e7in uygun oldu\u011fundan emin olmak ad\u0131na denetim yapar.<\/p>\n<p>Bu denetimler \u015funlar\u0131 i\u00e7erir:<\/p>\n<ul>\n    <li>Pestisit kullan\u0131lmayan bir alan olmas\u0131.<\/li>\n    <li>Yak\u0131nlarda tar\u0131m arazisi bulunmamas\u0131.<\/li>\n    <li>Yak\u0131n zamanda yang\u0131n ge\u00e7irmemi\u015f olmas\u0131.<\/li>\n    <li>Koruma alt\u0131nda bir ekosistem olmas\u0131.<\/li>\n<\/ul>\n<p>Hasattan \u00f6nce ek olarak organik sertifikasyon ve pestisit testleri yap\u0131l\u0131r. \u00c7i\u00e7ekler, yaln\u0131zca bu kontrollerden ge\u00e7tikten sonra \u00f6zenle toplan\u0131r.<\/p>\n\n<h4>M\u00fckemmel Demleme \u00d6nerisi<\/h4>\n\n<p>Bu e\u015fsiz lezzetin tad\u0131n\u0131 en iyi \u015fekilde \u00e7\u0131karmak i\u00e7in:<\/p>\n<ul>\n    <li><strong>Miktar:<\/strong> Bir fincan i\u00e7in bir porsiyon kullan\u0131n.<\/li>\n    <li><strong>Su S\u0131cakl\u0131\u011f\u0131:<\/strong> 250 ml, yakla\u015f\u0131k 95\u00b0C s\u0131cakl\u0131ktaki suyu tercih edin.<\/li>\n    <li><strong>Demleme S\u00fcresi:<\/strong> Damak zevkinize g\u00f6re 5 ila 10 dakika aras\u0131 demlemeye b\u0131rak\u0131n.<\/li>\n<\/ul>\n<p><strong>Tavsiye:<\/strong> Serin g\u00fcnlerde veya bedeniniz ve zihniniz i\u00e7in biraz huzur arad\u0131\u011f\u0131n\u0131zda ideal bir se\u00e7imdir.<\/p>\n\n<p><strong>Do\u011fal. S\u00fcrd\u00fcr\u00fclebilir. Ayr\u0131cal\u0131kl\u0131.<\/strong><br>\nBitkilerimiz, kat\u0131ks\u0131z ve saf bir keyif i\u00e7in yabani olarak hasat edilir.<\/p>\t\t\t\t\t\t\t\t<\/div>\n\t\t\t\t\t<\/div>\r\n\t\t\t\t<\/div>\r\n\t\t\t\t<\/div>\n\t\t","protected":false},"excerpt":{"rendered":"<p>Toros Da\u011flar\u0131&#8217;ndan Gelen Bahar Esintisi: Yabani Papatya \u00c7ay\u0131 Toros Da\u011flar\u0131&#8217;n\u0131n el de\u011fmemi\u015f g\u00fcney yama\u00e7lar\u0131ndan toplanan Bahar Papatyas\u0131 (Matricaria recutita) ile do\u011fan\u0131n sakinle\u015ftirici dokunu\u015funu fincan\u0131n\u0131za ta\u015f\u0131y\u0131n. Bu \u00f6zel papatya, yabani hasat y\u00f6ntemiyle size en saf ve kat\u0131ks\u0131z keyfi sunmak i\u00e7in burada. Neden Bizim Papatyam\u0131z? E\u015fsiz K\u00f6ken: Papatya \u00e7i\u00e7eklerimiz, Toros Da\u011flar\u0131&#8217;n\u0131n g\u00fcney yama\u00e7lar\u0131nda, 300 ila 400 metre [&hellip;]<\/p>\n","protected":false},"author":1,"featured_media":0,"parent":0,"menu_order":0,"comment_status":"closed","ping_status":"closed","template":"","meta":{"footnotes":""},"class_list":["post-17515","page","type-page","status-publish","hentry"],"_links":{"self":[{"href":"https:\/\/naturaltea.at\/tr\/wp-json\/wp\/v2\/pages\/17515","targetHints":{"allow":["GET"]}}],"collection":[{"href":"https:\/\/naturaltea.at\/tr\/wp-json\/wp\/v2\/pages"}],"about":[{"href":"https:\/\/naturaltea.at\/tr\/wp-json\/wp\/v2\/types\/page"}],"author":[{"embeddable":true,"href":"https:\/\/naturaltea.at\/tr\/wp-json\/wp\/v2\/users\/1"}],"replies":[{"embeddable":true,"href":"https:\/\/naturaltea.at\/tr\/wp-json\/wp\/v2\/comments?post=17515"}],"version-history":[{"count":6,"href":"https:\/\/naturaltea.at\/tr\/wp-json\/wp\/v2\/pages\/17515\/revisions"}],"predecessor-version":[{"id":17922,"href":"https:\/\/naturaltea.at\/tr\/wp-json\/wp\/v2\/pages\/17515\/revisions\/17922"}],"wp:attachment":[{"href":"https:\/\/naturaltea.at\/tr\/wp-json\/wp\/v2\/media?parent=17515"}],"curies":[{"name":"wp","href":"https:\/\/api.w.org\/{rel}","templated":true}]}}