{"id":17513,"date":"2025-08-13T21:18:04","date_gmt":"2025-08-13T21:18:04","guid":{"rendered":"https:\/\/naturaltea.at\/?page_id=17513"},"modified":"2025-08-28T20:11:29","modified_gmt":"2025-08-28T20:11:29","slug":"mavi-cay","status":"publish","type":"page","link":"https:\/\/naturaltea.at\/tr\/mavi-cay\/","title":{"rendered":"Mavi \u00c7ay"},"content":{"rendered":"\t\t<div data-elementor-type=\"wp-page\" data-elementor-id=\"17513\" class=\"elementor elementor-17513\">\n\t\t\t\t<div class=\"elementor-element elementor-element-29345ef8 e-grid e-con-boxed e-con e-parent \" data-id=\"29345ef8\" data-element_type=\"container\" data-e-type=\"container\">\t\t\t<div class=\"e-con-inner\">\r\n\t\t\t\t<div class=\"elementor-element elementor-element-3d0caf02 elementor-widget-laptop__width-initial elementor-widget__width-initial elementor-widget elementor-widget-text-editor\" data-id=\"3d0caf02\" data-element_type=\"widget\" data-e-type=\"widget\" data-widget_type=\"text-editor.default\">\n\t\t\t\t\t\t\t\t\t<h3>Kaz Da\u011flar\u0131&#8217;n\u0131n Mavi B\u00fcy\u00fcs\u00fc: Yabani Karaba\u015f Otu \u00c7ay\u0131<\/h3><p>G\u00fcne\u015fin \u00f6pt\u00fc\u011f\u00fc yama\u00e7lardan toplanan bu e\u015fsiz lavanta (<strong>Lavandula angustifolia<\/strong>), do\u011fan\u0131n en nadide arma\u011fanlar\u0131ndan biridir. Ege&#8217;nin incisi Kaz Da\u011flar\u0131 ve Bal\u0131kesir&#8217;in bereketli topraklar\u0131nda yeti\u015fen bu \u00f6zel bitki, fincan\u0131n\u0131za da\u011flar\u0131n saf enerjisini ve huzurunu ta\u015f\u0131yor.<\/p><h4>Neden Bizim Mavi Lavantalam\u0131z?<\/h4><ul><li><strong>E\u015fsiz K\u00f6ken:<\/strong> Mavi lavanta \u00e7i\u00e7eklerimiz, Kaz Da\u011flar\u0131 ve Bal\u0131kesir ilinin 300-400 metre y\u00fckseklikteki yama\u00e7lar\u0131nda tamamen yabani olarak b\u00fcy\u00fcr.<\/li><li><strong>Yabani ve Saf Hasat:<\/strong> \u00c7i\u00e7ekler, en canl\u0131 ve parlak olduklar\u0131 d\u00f6nem olan Nisan ve May\u0131s aylar\u0131 aras\u0131nda, el de\u011fmemi\u015f bir ekosistemde \u00f6zenle toplan\u0131r.<\/li><li><strong>Geleneksel Kullan\u0131m:<\/strong> B\u00f6lgede &#8220;Mavi \u00c7ay&#8221; olarak bilinen bu i\u00e7ecek, geleneksel olarak v\u00fccudu desteklemek ve genel zindeli\u011fi art\u0131rmak i\u00e7in de\u011ferli g\u00f6r\u00fclm\u00fc\u015ft\u00fcr.<\/li><\/ul>\t\t\t\t\t\t\t\t<\/div>\n\t\t\t\t<div class=\"elementor-element elementor-element-4117aa33 elementor-widget__width-initial elementor-widget-laptop__width-initial elementor-widget elementor-widget-image\" data-id=\"4117aa33\" data-element_type=\"widget\" data-e-type=\"widget\" data-widget_type=\"image.default\">\n\t\t\t\t\t\t\t\t\t\t\t\t\t\t\t<img fetchpriority=\"high\" decoding=\"async\" width=\"1080\" height=\"1080\" src=\"https:\/\/naturaltea.at\/tr\/wp-content\/uploads\/sites\/6\/2025\/08\/mavi-buyu-bitki.jpg\" class=\"attachment-full size-full wp-image-17687\" alt=\"\" srcset=\"https:\/\/naturaltea.at\/tr\/wp-content\/uploads\/sites\/6\/2025\/08\/mavi-buyu-bitki.jpg 1080w, https:\/\/naturaltea.at\/tr\/wp-content\/uploads\/sites\/6\/2025\/08\/mavi-buyu-bitki-300x300.jpg 300w, https:\/\/naturaltea.at\/tr\/wp-content\/uploads\/sites\/6\/2025\/08\/mavi-buyu-bitki-1024x1024.jpg 1024w, https:\/\/naturaltea.at\/tr\/wp-content\/uploads\/sites\/6\/2025\/08\/mavi-buyu-bitki-150x150.jpg 150w, https:\/\/naturaltea.at\/tr\/wp-content\/uploads\/sites\/6\/2025\/08\/mavi-buyu-bitki-768x768.jpg 768w, https:\/\/naturaltea.at\/tr\/wp-content\/uploads\/sites\/6\/2025\/08\/mavi-buyu-bitki-710x710.jpg 710w, https:\/\/naturaltea.at\/tr\/wp-content\/uploads\/sites\/6\/2025\/08\/mavi-buyu-bitki-100x100.jpg 100w\" sizes=\"(max-width: 1080px) 100vw, 1080px\" \/>\t\t\t\t\t\t\t\t\t\t\t\t\t\t\t<\/div>\n\t\t\t\t\t<\/div>\r\n\t\t\t\t<\/div>\r\n\t\t<div class=\"elementor-element elementor-element-241b592 e-flex e-con-boxed e-con e-parent \" data-id=\"241b592\" data-element_type=\"container\" data-e-type=\"container\">\t\t\t<div class=\"e-con-inner\">\r\n\t\t\t\t<div class=\"elementor-element elementor-element-55058daf elementor-widget elementor-widget-text-editor\" data-id=\"55058daf\" data-element_type=\"widget\" data-e-type=\"widget\" data-widget_type=\"text-editor.default\">\n\t\t\t\t\t\t\t\t\t<h4>Safl\u0131k Garantisi: Titizlikle Kontrol Edilen Hasat<\/h4>\n\n<p>Size en saf \u00fcr\u00fcn\u00fc sundu\u011fumuzdan emin olmak i\u00e7in hasat s\u00fcreci s\u0131k\u0131 kontroller alt\u0131nda y\u00fcr\u00fct\u00fcl\u00fcr. Hasat ba\u015flamadan \u00f6nce, resmi kurumlar toplama alan\u0131n\u0131 a\u015fa\u011f\u0131daki kriterlere g\u00f6re denetler:<\/p>\n<ul>\n    <li>Yak\u0131nlarda tar\u0131m arazisi bulunmamas\u0131.<\/li>\n    <li>Havadan veya topraktan pestisit p\u00fcsk\u00fcrt\u00fclmemi\u015f olmas\u0131.<\/li>\n    <li>Son \u00fc\u00e7 y\u0131l i\u00e7inde yang\u0131n ge\u00e7irmemi\u015f olmas\u0131.<\/li>\n    <li>Koruma alt\u0131nda bir ekosistem olmas\u0131.<\/li>\n<\/ul>\n\n<p>Ayr\u0131ca, organik sertifikasyon kurulu\u015flar\u0131 \u00e7i\u00e7eklerden numuneler alarak kal\u0131nt\u0131 testi yapar. Hasat, yaln\u0131zca t\u00fcm bu kontroller ba\u015far\u0131yla ge\u00e7ildikten sonra ba\u015flar.<\/p>\n\n<h4>M\u00fckemmel Demleme \u00d6nerisi<\/h4>\n\n<p>Bu e\u015fsiz lezzetin tad\u0131n\u0131 en iyi \u015fekilde \u00e7\u0131karmak i\u00e7in:<\/p>\n<ul>\n    <li><strong>Miktar:<\/strong> Bir fincan i\u00e7in bir porsiyon kullan\u0131n.<\/li>\n    <li><strong>Su S\u0131cakl\u0131\u011f\u0131:<\/strong> 250 ml, yakla\u015f\u0131k 95\u00b0C s\u0131cakl\u0131ktaki suyu tercih edin.<\/li>\n    <li><strong>Demleme S\u00fcresi:<\/strong> Damak zevkinize g\u00f6re 5 ila 10 dakika aras\u0131 demlemeye b\u0131rak\u0131n.<\/li>\n<\/ul>\n<p><strong>Tavsiye:<\/strong> \u00c7ay\u0131n\u0131z\u0131 sade olarak keyifle i\u00e7ebilir veya bir miktar bal ya da limon ile lezzetini zenginle\u015ftirebilirsiniz.<\/p>\n\n<p><strong>Do\u011fal. S\u00fcrd\u00fcr\u00fclebilir. Ayr\u0131cal\u0131kl\u0131.<\/strong><br>\nSaf ve katk\u0131s\u0131z bir keyif i\u00e7in yabani hasat \u00e7i\u00e7eklerimizle do\u011fan\u0131n \u00f6z\u00fcn\u00fc fincan\u0131n\u0131za ta\u015f\u0131y\u0131n.<\/p>\t\t\t\t\t\t\t\t<\/div>\n\t\t\t\t\t<\/div>\r\n\t\t\t\t<\/div>\r\n\t\t\t\t<\/div>\n\t\t","protected":false},"excerpt":{"rendered":"<p>Kaz Da\u011flar\u0131&#8217;n\u0131n Mavi B\u00fcy\u00fcs\u00fc: Yabani Karaba\u015f Otu \u00c7ay\u0131 G\u00fcne\u015fin \u00f6pt\u00fc\u011f\u00fc yama\u00e7lardan toplanan bu e\u015fsiz lavanta (Lavandula angustifolia), do\u011fan\u0131n en nadide arma\u011fanlar\u0131ndan biridir. Ege&#8217;nin incisi Kaz Da\u011flar\u0131 ve Bal\u0131kesir&#8217;in bereketli topraklar\u0131nda yeti\u015fen bu \u00f6zel bitki, fincan\u0131n\u0131za da\u011flar\u0131n saf enerjisini ve huzurunu ta\u015f\u0131yor. Neden Bizim Mavi Lavantalam\u0131z? E\u015fsiz K\u00f6ken: Mavi lavanta \u00e7i\u00e7eklerimiz, Kaz Da\u011flar\u0131 ve Bal\u0131kesir ilinin [&hellip;]<\/p>\n","protected":false},"author":1,"featured_media":0,"parent":0,"menu_order":0,"comment_status":"closed","ping_status":"closed","template":"","meta":{"footnotes":""},"class_list":["post-17513","page","type-page","status-publish","hentry"],"_links":{"self":[{"href":"https:\/\/naturaltea.at\/tr\/wp-json\/wp\/v2\/pages\/17513","targetHints":{"allow":["GET"]}}],"collection":[{"href":"https:\/\/naturaltea.at\/tr\/wp-json\/wp\/v2\/pages"}],"about":[{"href":"https:\/\/naturaltea.at\/tr\/wp-json\/wp\/v2\/types\/page"}],"author":[{"embeddable":true,"href":"https:\/\/naturaltea.at\/tr\/wp-json\/wp\/v2\/users\/1"}],"replies":[{"embeddable":true,"href":"https:\/\/naturaltea.at\/tr\/wp-json\/wp\/v2\/comments?post=17513"}],"version-history":[{"count":12,"href":"https:\/\/naturaltea.at\/tr\/wp-json\/wp\/v2\/pages\/17513\/revisions"}],"predecessor-version":[{"id":17929,"href":"https:\/\/naturaltea.at\/tr\/wp-json\/wp\/v2\/pages\/17513\/revisions\/17929"}],"wp:attachment":[{"href":"https:\/\/naturaltea.at\/tr\/wp-json\/wp\/v2\/media?parent=17513"}],"curies":[{"name":"wp","href":"https:\/\/api.w.org\/{rel}","templated":true}]}}