{"id":17510,"date":"2025-08-13T21:17:29","date_gmt":"2025-08-13T21:17:29","guid":{"rendered":"https:\/\/naturaltea.at\/?page_id=17510"},"modified":"2025-08-28T20:06:06","modified_gmt":"2025-08-28T20:06:06","slug":"ihlamur","status":"publish","type":"page","link":"https:\/\/naturaltea.at\/tr\/ihlamur\/","title":{"rendered":"Ihlamur"},"content":{"rendered":"\t\t<div data-elementor-type=\"wp-page\" data-elementor-id=\"17510\" class=\"elementor elementor-17510\">\n\t\t\t\t<div class=\"elementor-element elementor-element-2f390db e-grid e-con-boxed e-con e-parent \" data-id=\"2f390db\" data-element_type=\"container\" data-e-type=\"container\">\t\t\t<div class=\"e-con-inner\">\r\n\t\t\t\t<div class=\"elementor-element elementor-element-2138b39 elementor-widget-laptop__width-initial elementor-widget__width-initial elementor-widget elementor-widget-text-editor\" data-id=\"2138b39\" data-element_type=\"widget\" data-e-type=\"widget\" data-widget_type=\"text-editor.default\">\n\t\t\t\t\t\t\t\t\t<h3>Da\u011flardan Gelen Nadide Bir Hazine: Yabani Hasat Ihlamur \u00c7ay\u0131<\/h3><p>Do\u011fan\u0131n en saf arma\u011fanlar\u0131ndan biri olan \u0131hlamuru (<strong>Tilia Tomentosa<\/strong>), Marmara Denizi&#8217;ne bakan da\u011flar\u0131n yama\u00e7lar\u0131ndan \u00f6zenle toplad\u0131k ve fincan\u0131n\u0131za getirdik. Bu sadece bir \u00e7ay de\u011fil, ayn\u0131 zamanda y\u00fczy\u0131llard\u0131r s\u00fcregelen bir gelene\u011fin ve do\u011fan\u0131n sundu\u011fu huzurun bir yudumudur.<\/p><h4>Neden Bizim Ihlamurumuz?<\/h4><ul><li><strong>E\u015fsiz K\u00f6ken:<\/strong> Ihlamur \u00e7i\u00e7eklerimiz, Bursa&#8217;n\u0131n Karacabey b\u00f6lgesindeki da\u011flar\u0131n kuzey yama\u00e7lar\u0131ndan gelir. 200-300 metre y\u00fckseklikte, tamamen do\u011fal ortamlar\u0131nda b\u00fcy\u00fcrler.<\/li><li><strong>Yabani ve Saf Hasat:<\/strong> \u00dcr\u00fcn\u00fcm\u00fcz, end\u00fcstriyel tar\u0131mdan uzak, el de\u011fmemi\u015f bir ekosistemde yabani hasat y\u00f6ntemiyle toplan\u0131r. Hasat d\u00f6nemi Haziran ve Temmuz aylar\u0131d\u0131r.<\/li><li><strong>Gelenekten Gelen De\u011fer:<\/strong> Ihlamur \u00e7i\u00e7ekleri, narin aromas\u0131yla y\u00fczy\u0131llard\u0131r \u00e7e\u015fitli k\u00fclt\u00fcrlerde de\u011ferli bir i\u00e7ecek olarak t\u00fcketilmi\u015ftir. Bir\u00e7ok \u00fclkenin do\u011fal \u015fifa gelene\u011finde de yer bulmu\u015ftur.<\/li><\/ul>\t\t\t\t\t\t\t\t<\/div>\n\t\t\t\t<div class=\"elementor-element elementor-element-1a5f90e elementor-widget__width-initial elementor-widget-laptop__width-initial elementor-widget elementor-widget-image\" data-id=\"1a5f90e\" data-element_type=\"widget\" data-e-type=\"widget\" data-widget_type=\"image.default\">\n\t\t\t\t\t\t\t\t\t\t\t\t\t\t\t<img fetchpriority=\"high\" decoding=\"async\" width=\"1080\" height=\"1080\" src=\"https:\/\/naturaltea.at\/tr\/wp-content\/uploads\/sites\/6\/2025\/08\/ihlamur-sayfasi-icin.jpg\" class=\"attachment-full size-full wp-image-17665\" alt=\"\" srcset=\"https:\/\/naturaltea.at\/tr\/wp-content\/uploads\/sites\/6\/2025\/08\/ihlamur-sayfasi-icin.jpg 1080w, https:\/\/naturaltea.at\/tr\/wp-content\/uploads\/sites\/6\/2025\/08\/ihlamur-sayfasi-icin-300x300.jpg 300w, https:\/\/naturaltea.at\/tr\/wp-content\/uploads\/sites\/6\/2025\/08\/ihlamur-sayfasi-icin-1024x1024.jpg 1024w, https:\/\/naturaltea.at\/tr\/wp-content\/uploads\/sites\/6\/2025\/08\/ihlamur-sayfasi-icin-150x150.jpg 150w, https:\/\/naturaltea.at\/tr\/wp-content\/uploads\/sites\/6\/2025\/08\/ihlamur-sayfasi-icin-768x768.jpg 768w, https:\/\/naturaltea.at\/tr\/wp-content\/uploads\/sites\/6\/2025\/08\/ihlamur-sayfasi-icin-710x710.jpg 710w, https:\/\/naturaltea.at\/tr\/wp-content\/uploads\/sites\/6\/2025\/08\/ihlamur-sayfasi-icin-100x100.jpg 100w\" sizes=\"(max-width: 1080px) 100vw, 1080px\" \/>\t\t\t\t\t\t\t\t\t\t\t\t\t\t\t<\/div>\n\t\t\t\t\t<\/div>\r\n\t\t\t\t<\/div>\r\n\t\t<div class=\"elementor-element elementor-element-29a8fb8 e-flex e-con-boxed e-con e-parent \" data-id=\"29a8fb8\" data-element_type=\"container\" data-e-type=\"container\">\t\t\t<div class=\"e-con-inner\">\r\n\t\t\t\t<div class=\"elementor-element elementor-element-95030e3 elementor-widget elementor-widget-text-editor\" data-id=\"95030e3\" data-element_type=\"widget\" data-e-type=\"widget\" data-widget_type=\"text-editor.default\">\n\t\t\t\t\t\t\t\t\t<h4>Safl\u0131k Garantisi: Titizlikle Kontrol Edilen Hasat<\/h4>\n\n<p>Size en saf \u00fcr\u00fcn\u00fc sundu\u011fumuzdan emin olmak i\u00e7in hasat s\u00fcreci s\u0131k\u0131 kontroller alt\u0131nda y\u00fcr\u00fct\u00fcl\u00fcr. Hasat ba\u015flamadan \u00f6nce, resmi kurumlar toplama alan\u0131n\u0131 a\u015fa\u011f\u0131daki kriterlere g\u00f6re denetler:<\/p>\n<ul>\n    <li>Yak\u0131nlarda tar\u0131m arazisi bulunmamas\u0131.<\/li>\n    <li>Havadan veya topraktan pestisit p\u00fcsk\u00fcrt\u00fclmemi\u015f olmas\u0131.<\/li>\n    <li>Son \u00fc\u00e7 y\u0131l i\u00e7inde yang\u0131n ge\u00e7irmemi\u015f olmas\u0131.<\/li>\n    <li>Koruma alt\u0131nda bir ekosistem olmas\u0131.<\/li>\n<\/ul>\n\n<p>Ek olarak, organik sertifikasyon kurulu\u015flar\u0131 \u00e7i\u00e7eklerden numuneler alarak kal\u0131nt\u0131 testi yapar. Hasat, yaln\u0131zca t\u00fcm bu kontroller ba\u015far\u0131yla ge\u00e7ildikten sonra ba\u015flar.<\/p>\n\n<h4>M\u00fckemmel Demleme \u00d6nerisi<\/h4>\n\n<p>Bu e\u015fsiz lezzetin tad\u0131n\u0131 en iyi \u015fekilde \u00e7\u0131karmak i\u00e7in:<\/p>\n<ul>\n    <li><strong>Miktar:<\/strong> Bir fincan i\u00e7in bir porsiyon \u0131hlamur kullan\u0131n.<\/li>\n    <li><strong>Su S\u0131cakl\u0131\u011f\u0131:<\/strong> 250 ml, yakla\u015f\u0131k 95\u00b0C s\u0131cakl\u0131ktaki suyu tercih edin.<\/li>\n    <li><strong>Demleme S\u00fcresi:<\/strong> Damak zevkinize g\u00f6re 5 ila 10 dakika aras\u0131 demlemeye b\u0131rak\u0131n.<\/li>\n<\/ul>\n<p><strong>Tavsiye:<\/strong> \u00c7ay\u0131n\u0131z\u0131 sade olarak keyifle i\u00e7ebilir veya bir ka\u015f\u0131k bal ile tatland\u0131rarak lezzetini zenginle\u015ftirebilirsiniz.<\/p>\n\n<p><strong>Do\u011fal. S\u00fcrd\u00fcr\u00fclebilir. Ayr\u0131cal\u0131kl\u0131.<\/strong><br>\nSaf ve katk\u0131s\u0131z bir keyif i\u00e7in yabani hasat \u00e7i\u00e7eklerimizle do\u011fan\u0131n \u00f6z\u00fcn\u00fc fincan\u0131n\u0131za ta\u015f\u0131y\u0131n.<\/p>\t\t\t\t\t\t\t\t<\/div>\n\t\t\t\t\t<\/div>\r\n\t\t\t\t<\/div>\r\n\t\t\t\t<\/div>\n\t\t","protected":false},"excerpt":{"rendered":"<p>Da\u011flardan Gelen Nadide Bir Hazine: Yabani Hasat Ihlamur \u00c7ay\u0131 Do\u011fan\u0131n en saf arma\u011fanlar\u0131ndan biri olan \u0131hlamuru (Tilia Tomentosa), Marmara Denizi&#8217;ne bakan da\u011flar\u0131n yama\u00e7lar\u0131ndan \u00f6zenle toplad\u0131k ve fincan\u0131n\u0131za getirdik. Bu sadece bir \u00e7ay de\u011fil, ayn\u0131 zamanda y\u00fczy\u0131llard\u0131r s\u00fcregelen bir gelene\u011fin ve do\u011fan\u0131n sundu\u011fu huzurun bir yudumudur. Neden Bizim Ihlamurumuz? E\u015fsiz K\u00f6ken: Ihlamur \u00e7i\u00e7eklerimiz, Bursa&#8217;n\u0131n Karacabey b\u00f6lgesindeki [&hellip;]<\/p>\n","protected":false},"author":1,"featured_media":0,"parent":0,"menu_order":0,"comment_status":"closed","ping_status":"closed","template":"","meta":{"footnotes":""},"class_list":["post-17510","page","type-page","status-publish","hentry"],"_links":{"self":[{"href":"https:\/\/naturaltea.at\/tr\/wp-json\/wp\/v2\/pages\/17510","targetHints":{"allow":["GET"]}}],"collection":[{"href":"https:\/\/naturaltea.at\/tr\/wp-json\/wp\/v2\/pages"}],"about":[{"href":"https:\/\/naturaltea.at\/tr\/wp-json\/wp\/v2\/types\/page"}],"author":[{"embeddable":true,"href":"https:\/\/naturaltea.at\/tr\/wp-json\/wp\/v2\/users\/1"}],"replies":[{"embeddable":true,"href":"https:\/\/naturaltea.at\/tr\/wp-json\/wp\/v2\/comments?post=17510"}],"version-history":[{"count":29,"href":"https:\/\/naturaltea.at\/tr\/wp-json\/wp\/v2\/pages\/17510\/revisions"}],"predecessor-version":[{"id":17921,"href":"https:\/\/naturaltea.at\/tr\/wp-json\/wp\/v2\/pages\/17510\/revisions\/17921"}],"wp:attachment":[{"href":"https:\/\/naturaltea.at\/tr\/wp-json\/wp\/v2\/media?parent=17510"}],"curies":[{"name":"wp","href":"https:\/\/api.w.org\/{rel}","templated":true}]}}