{"id":17781,"date":"2025-08-14T22:01:46","date_gmt":"2025-08-14T22:01:46","guid":{"rendered":"https:\/\/naturaltea.at\/?post_type=product&#038;p=17781"},"modified":"2025-09-08T22:05:33","modified_gmt":"2025-09-08T22:05:33","slug":"chamomile-pack","status":"publish","type":"product","link":"https:\/\/naturaltea.at\/en\/product\/chamomile-pack\/","title":{"rendered":"Chamomile Pack"},"content":{"rendered":"<p>\u00c7i\u00e7ekler tek tek paketlenmi\u015f ve 10&#8217;lu \u015f\u0131k bir kutuda sunulmu\u015ftur. Kolayca a\u00e7\u0131l\u0131r ve \u015f\u0131k kal\u0131r; \u00e7i\u00e7ekleri kolayca \u00e7\u0131kar\u0131p keyfini \u00e7\u0131karmak i\u00e7in idealdir.<\/p>\n<p>Faydalar\u0131: Papatya \u00e7ay\u0131, antiinflamatuar etkisiyle v\u00fccuttaki iltihaplar\u0131 gidermesi ve yaralar\u0131 iyile\u015ftirmesiyle bilinir. Antispazmodik olarak i\u015flev g\u00f6rebilen papatya \u00e7ay\u0131 ishale neden olan mide spazmlar\u0131n\u0131 azaltabilir ve gastro\u00f6zofageal refl\u00fc hastal\u0131\u011f\u0131 (GERD) semptomlar\u0131n\u0131 hafifletebilir. Papatya \u00e7ay\u0131 anti-inflamatuar, antispazmodik ve anti-anksiyete \u00f6zellikleri ile adet \u00f6ncesi gerginlik (PMS) sendromu belirtilerini bast\u0131rmada etkili olabilmektedir. \u0130\u00e7erdi\u011fi anksiyolitik bile\u015fi\u011fi sayesinde papatya \u00e7ay\u0131, stres ve kayg\u0131 durumlar\u0131n\u0131 azaltarak depresyona iyi gelerek ki\u015fiyi sakinle\u015ftirir.<\/p>\n","protected":false},"excerpt":{"rendered":"<p>\u00c7i\u00e7ekler tek tek paketlenmi\u015f ve 10&#8217;lu \u015f\u0131k bir kutuda sunulmu\u015ftur. Kolayca a\u00e7\u0131l\u0131r ve \u015f\u0131k kal\u0131r; \u00e7i\u00e7ekleri kolayca \u00e7\u0131kar\u0131p keyfini \u00e7\u0131karmak i\u00e7in idealdir. Faydalar\u0131: Papatya \u00e7ay\u0131, antiinflamatuar etkisiyle v\u00fccuttaki iltihaplar\u0131 gidermesi ve yaralar\u0131 iyile\u015ftirmesiyle bilinir. Antispazmodik olarak i\u015flev g\u00f6rebilen papatya \u00e7ay\u0131 ishale neden olan mide spazmlar\u0131n\u0131 azaltabilir ve gastro\u00f6zofageal refl\u00fc hastal\u0131\u011f\u0131 (GERD) semptomlar\u0131n\u0131 hafifletebilir. Papatya \u00e7ay\u0131 [&hellip;]<\/p>\n","protected":false},"featured_media":18032,"template":"","meta":[],"product_brand":[],"product_cat":[70],"product_tag":[],"class_list":{"0":"post-17781","1":"product","2":"type-product","3":"status-publish","4":"has-post-thumbnail","6":"product_cat-10lu-paket","8":"first","9":"instock","10":"shipping-taxable","11":"purchasable","12":"product-type-simple"},"_links":{"self":[{"href":"https:\/\/naturaltea.at\/en\/wp-json\/wp\/v2\/product\/17781","targetHints":{"allow":["GET"]}}],"collection":[{"href":"https:\/\/naturaltea.at\/en\/wp-json\/wp\/v2\/product"}],"about":[{"href":"https:\/\/naturaltea.at\/en\/wp-json\/wp\/v2\/types\/product"}],"wp:featuredmedia":[{"embeddable":true,"href":"https:\/\/naturaltea.at\/en\/wp-json\/wp\/v2\/media\/18032"}],"wp:attachment":[{"href":"https:\/\/naturaltea.at\/en\/wp-json\/wp\/v2\/media?parent=17781"}],"wp:term":[{"taxonomy":"product_brand","embeddable":true,"href":"https:\/\/naturaltea.at\/en\/wp-json\/wp\/v2\/product_brand?post=17781"},{"taxonomy":"product_cat","embeddable":true,"href":"https:\/\/naturaltea.at\/en\/wp-json\/wp\/v2\/product_cat?post=17781"},{"taxonomy":"product_tag","embeddable":true,"href":"https:\/\/naturaltea.at\/en\/wp-json\/wp\/v2\/product_tag?post=17781"}],"curies":[{"name":"wp","href":"https:\/\/api.w.org\/{rel}","templated":true}]}}