{"id":17767,"date":"2025-08-14T21:40:23","date_gmt":"2025-08-14T21:40:23","guid":{"rendered":"https:\/\/naturaltea.at\/?post_type=product&#038;p=17767"},"modified":"2025-09-08T22:24:17","modified_gmt":"2025-09-08T22:24:17","slug":"french-lavender-tea","status":"publish","type":"product","link":"https:\/\/naturaltea.at\/en\/product\/french-lavender-tea\/","title":{"rendered":"French Lavender Tea"},"content":{"rendered":"<p>\u00c7ay\u0131m\u0131z, kolayca ayr\u0131labilen ve hemen keyfini \u00e7\u0131karabilece\u011finiz delikli birimler halinde paketlenmi\u015ftir.<\/p>\n<p>Faydalar\u0131:<br \/>\nBa\u011f\u0131\u015f\u0131kl\u0131k sistemini g\u00fc\u00e7lendirir<br \/>\nKan dola\u015f\u0131m\u0131n\u0131 d\u00fczenlemeye yard\u0131m eder<br \/>\nSakinle\u015ftirici etki g\u00f6sterir, uyku kalitesini artt\u0131r\u0131r<br \/>\nYara iyile\u015fmesini destekler<br \/>\n\u0130drar yolu sorunlar\u0131na iyi gelir<br \/>\nMide ve ba\u011f\u0131rsaklar\u0131 rahatlat\u0131r<br \/>\nBron\u015fit ve ast\u0131m gibi solunum yolu hastal\u0131klar\u0131n\u0131n semptomlar\u0131n\u0131 hafifletir<br \/>\nA\u011fr\u0131 ve iltihap azalt\u0131c\u0131 etkiye sahiptir<\/p>\n","protected":false},"excerpt":{"rendered":"<p>\u00c7ay\u0131m\u0131z, kolayca ayr\u0131labilen ve hemen keyfini \u00e7\u0131karabilece\u011finiz delikli birimler halinde paketlenmi\u015ftir. Faydalar\u0131: Ba\u011f\u0131\u015f\u0131kl\u0131k sistemini g\u00fc\u00e7lendirir Kan dola\u015f\u0131m\u0131n\u0131 d\u00fczenlemeye yard\u0131m eder Sakinle\u015ftirici etki g\u00f6sterir, uyku kalitesini artt\u0131r\u0131r Yara iyile\u015fmesini destekler \u0130drar yolu sorunlar\u0131na iyi gelir Mide ve ba\u011f\u0131rsaklar\u0131 rahatlat\u0131r Bron\u015fit ve ast\u0131m gibi solunum yolu hastal\u0131klar\u0131n\u0131n semptomlar\u0131n\u0131 hafifletir A\u011fr\u0131 ve iltihap azalt\u0131c\u0131 etkiye sahiptir<\/p>\n","protected":false},"featured_media":18042,"template":"","meta":[],"product_brand":[],"product_cat":[67],"product_tag":[],"class_list":{"0":"post-17767","1":"product","2":"type-product","3":"status-publish","4":"has-post-thumbnail","6":"product_cat-20li-paketler","8":"first","9":"instock","10":"shipping-taxable","11":"purchasable","12":"product-type-simple"},"_links":{"self":[{"href":"https:\/\/naturaltea.at\/en\/wp-json\/wp\/v2\/product\/17767","targetHints":{"allow":["GET"]}}],"collection":[{"href":"https:\/\/naturaltea.at\/en\/wp-json\/wp\/v2\/product"}],"about":[{"href":"https:\/\/naturaltea.at\/en\/wp-json\/wp\/v2\/types\/product"}],"wp:featuredmedia":[{"embeddable":true,"href":"https:\/\/naturaltea.at\/en\/wp-json\/wp\/v2\/media\/18042"}],"wp:attachment":[{"href":"https:\/\/naturaltea.at\/en\/wp-json\/wp\/v2\/media?parent=17767"}],"wp:term":[{"taxonomy":"product_brand","embeddable":true,"href":"https:\/\/naturaltea.at\/en\/wp-json\/wp\/v2\/product_brand?post=17767"},{"taxonomy":"product_cat","embeddable":true,"href":"https:\/\/naturaltea.at\/en\/wp-json\/wp\/v2\/product_cat?post=17767"},{"taxonomy":"product_tag","embeddable":true,"href":"https:\/\/naturaltea.at\/en\/wp-json\/wp\/v2\/product_tag?post=17767"}],"curies":[{"name":"wp","href":"https:\/\/api.w.org\/{rel}","templated":true}]}}